{"id":3663,"date":"2025-07-07T12:05:59","date_gmt":"2025-07-07T12:05:59","guid":{"rendered":"https:\/\/clearroundcompany.com\/?page_id=3663"},"modified":"2025-09-02T08:21:56","modified_gmt":"2025-09-02T08:21:56","slug":"coaching-valorisation-et-pension-travail-2","status":"publish","type":"page","link":"https:\/\/clearroundcompany.com\/en\/coaching-valorisation-et-pension-travail-2\/","title":{"rendered":"Investment"},"content":{"rendered":"<div data-elementor-type=\"wp-page\" data-elementor-id=\"3663\" class=\"elementor elementor-3663\" data-elementor-post-type=\"page\">\n\t\t\t\t<div class=\"elementor-element elementor-element-f1fbbd9 e-flex e-con-boxed e-con e-parent\" data-id=\"f1fbbd9\" data-element_type=\"container\" data-e-type=\"container\">\n\t\t\t\t\t<div class=\"e-con-inner\">\n\t\t\t\t<div class=\"elementor-element elementor-element-c4b92b1 elementor-invisible elementor-widget elementor-widget-heading\" data-id=\"c4b92b1\" data-element_type=\"widget\" data-e-type=\"widget\" data-settings=\"{&quot;_animation&quot;:&quot;slideInUp&quot;}\" data-widget_type=\"heading.default\">\n\t\t\t\t<div class=\"elementor-widget-container\">\n\t\t\t\t\t<h2 class=\"elementor-heading-title elementor-size-default\">Investment<\/h2>\t\t\t\t<\/div>\n\t\t\t\t<\/div>\n\t\t\t\t<div class=\"elementor-element elementor-element-02e6c56 animated-slow elementor-invisible elementor-widget elementor-widget-text-editor\" data-id=\"02e6c56\" data-element_type=\"widget\" data-e-type=\"widget\" data-settings=\"{&quot;_animation&quot;:&quot;fadeIn&quot;}\" data-widget_type=\"text-editor.default\">\n\t\t\t\t<div class=\"elementor-widget-container\">\n\t\t\t\t\t\t\t\t\t<p data-start=\"236\" data-end=\"549\">Investing in show jumping horses combines <strong data-start=\"283\" data-end=\"303\">passion for sport<\/strong>, <strong data-start=\"305\" data-end=\"328\">long-term vision<\/strong> and <strong data-start=\"332\" data-end=\"358\">economic opportunity<\/strong>. Backed by the expertise of Hugo Mossu and his team, we offer tailor-made support for investors wishing to commit to a structured and ambitious sports project.<\/p><p data-start=\"551\" data-end=\"966\">We rigorously select promising horses, adapted to different investment profiles: young horses to be trained, sport horses in full development or horses already engaged on the international circuit. Each horse is integrated into a personalized development program, with a regular presence in competition and a <strong data-start=\"898\" data-end=\"919\">targeted visibility<\/strong> with a network of professional buyers.<\/p><p data-start=\"968\" data-end=\"1013\">By joining our stable, you benefit from :<\/p><ul data-start=\"1014\" data-end=\"1176\"><li data-start=\"1014\" data-end=\"1060\"><p data-start=\"1016\" data-end=\"1060\">a <strong data-start=\"1021\" data-end=\"1059\">transparent, professional follow-up<\/strong>,<\/p><\/li><li data-start=\"1061\" data-end=\"1102\"><p data-start=\"1063\" data-end=\"1102\">a <strong data-start=\"1069\" data-end=\"1101\">coherent sports strategy<\/strong>,<\/p><\/li><li data-start=\"1103\" data-end=\"1176\"><p data-start=\"1105\" data-end=\"1176\">a <strong data-start=\"1113\" data-end=\"1175\">privileged access to the international equestrian market<\/strong>.<\/p><\/li><\/ul><blockquote data-start=\"1178\" data-end=\"1295\"><p data-start=\"1180\" data-end=\"1295\"><strong data-start=\"1180\" data-end=\"1295\">Combining performance, passion and profitability is the commitment we make to each and every one of our partners.<\/strong><\/p><\/blockquote><p data-start=\"1297\" data-end=\"1442\">To find out more about our current investment projects or how we operate, please contact us directly.<\/p>\t\t\t\t\t\t\t\t<\/div>\n\t\t\t\t<\/div>\n\t\t\t\t<div class=\"elementor-element elementor-element-16c0e4c elementor-align-center elementor-widget elementor-widget-button\" data-id=\"16c0e4c\" data-element_type=\"widget\" data-e-type=\"widget\" data-widget_type=\"button.default\">\n\t\t\t\t<div class=\"elementor-widget-container\">\n\t\t\t\t\t\t\t\t\t<div class=\"elementor-button-wrapper\">\n\t\t\t\t\t<a class=\"elementor-button elementor-button-link elementor-size-sm\" href=\"https:\/\/clearroundcompany.com\/en\/contact\/\">\n\t\t\t\t\t\t<span class=\"elementor-button-content-wrapper\">\n\t\t\t\t\t\t\t\t\t<span class=\"elementor-button-text\">CONTACT CROC<\/span>\n\t\t\t\t\t<\/span>\n\t\t\t\t\t<\/a>\n\t\t\t\t<\/div>\n\t\t\t\t\t\t\t\t<\/div>\n\t\t\t\t<\/div>\n\t\t\t\t\t<\/div>\n\t\t\t\t<\/div>\n\t\t<div class=\"elementor-element elementor-element-3ddf6df e-flex e-con-boxed e-con e-parent\" data-id=\"3ddf6df\" data-element_type=\"container\" data-e-type=\"container\">\n\t\t\t\t\t<div class=\"e-con-inner\">\n\t\t\t\t<div class=\"elementor-element elementor-element-12795a4 elementor-widget elementor-widget-heading\" data-id=\"12795a4\" data-element_type=\"widget\" data-e-type=\"widget\" data-widget_type=\"heading.default\">\n\t\t\t\t<div class=\"elementor-widget-container\">\n\t\t\t\t\t<h2 class=\"elementor-heading-title elementor-size-default\">Our horses<\/h2>\t\t\t\t<\/div>\n\t\t\t\t<\/div>\n\t\t\t\t\t<\/div>\n\t\t\t\t<\/div>\n\t\t<div class=\"elementor-element elementor-element-b31c398 animated-slow e-flex e-con-boxed elementor-invisible e-con e-parent\" data-id=\"b31c398\" data-element_type=\"container\" data-e-type=\"container\" data-settings=\"{&quot;animation&quot;:&quot;fadeInUp&quot;}\">\n\t\t\t\t\t<div class=\"e-con-inner\">\n\t\t<div class=\"elementor-element elementor-element-2dc7d7a e-grid e-con-full e-con e-child\" data-id=\"2dc7d7a\" data-element_type=\"container\" data-e-type=\"container\" data-settings=\"{&quot;background_background&quot;:&quot;classic&quot;}\">\n\t\t\t\t<div class=\"elementor-element elementor-element-57bb712 elementor-widget elementor-widget-video\" data-id=\"57bb712\" data-element_type=\"widget\" data-e-type=\"widget\" data-settings=\"{&quot;youtube_url&quot;:&quot;https:\\\/\\\/youtu.be\\\/baHrAvq29RY?si=zBMAnbl897oaayT0&quot;,&quot;video_type&quot;:&quot;youtube&quot;,&quot;controls&quot;:&quot;yes&quot;}\" data-widget_type=\"video.default\">\n\t\t\t\t<div class=\"elementor-widget-container\">\n\t\t\t\t\t\t\t<div class=\"elementor-wrapper elementor-open-inline\">\n\t\t\t<div class=\"elementor-video\"><\/div>\t\t<\/div>\n\t\t\t\t\t\t<\/div>\n\t\t\t\t<\/div>\n\t\t\t\t<div class=\"elementor-element elementor-element-bd94f96 elementor-widget elementor-widget-video\" data-id=\"bd94f96\" data-element_type=\"widget\" data-e-type=\"widget\" data-settings=\"{&quot;youtube_url&quot;:&quot;https:\\\/\\\/youtu.be\\\/7gkYv9fUiG8?si=nr6IKcT4NzpKwZvr&quot;,&quot;video_type&quot;:&quot;youtube&quot;,&quot;controls&quot;:&quot;yes&quot;}\" data-widget_type=\"video.default\">\n\t\t\t\t<div class=\"elementor-widget-container\">\n\t\t\t\t\t\t\t<div class=\"elementor-wrapper elementor-open-inline\">\n\t\t\t<div class=\"elementor-video\"><\/div>\t\t<\/div>\n\t\t\t\t\t\t<\/div>\n\t\t\t\t<\/div>\n\t\t\t\t<div class=\"elementor-element elementor-element-20926b9 elementor-widget elementor-widget-video\" data-id=\"20926b9\" data-element_type=\"widget\" data-e-type=\"widget\" data-settings=\"{&quot;youtube_url&quot;:&quot;https:\\\/\\\/youtu.be\\\/d0ocpzfkMFI?si=f7ckLyvRsgetXqMj&quot;,&quot;video_type&quot;:&quot;youtube&quot;,&quot;controls&quot;:&quot;yes&quot;}\" data-widget_type=\"video.default\">\n\t\t\t\t<div class=\"elementor-widget-container\">\n\t\t\t\t\t\t\t<div class=\"elementor-wrapper elementor-open-inline\">\n\t\t\t<div class=\"elementor-video\"><\/div>\t\t<\/div>\n\t\t\t\t\t\t<\/div>\n\t\t\t\t<\/div>\n\t\t\t\t<div class=\"elementor-element elementor-element-b4520c5 elementor-widget elementor-widget-video\" data-id=\"b4520c5\" data-element_type=\"widget\" data-e-type=\"widget\" data-settings=\"{&quot;youtube_url&quot;:&quot;https:\\\/\\\/youtu.be\\\/puZYwNFOW0M?si=xJTEn4NnGvJeQVDm&quot;,&quot;video_type&quot;:&quot;youtube&quot;,&quot;controls&quot;:&quot;yes&quot;}\" data-widget_type=\"video.default\">\n\t\t\t\t<div class=\"elementor-widget-container\">\n\t\t\t\t\t\t\t<div class=\"elementor-wrapper elementor-open-inline\">\n\t\t\t<div class=\"elementor-video\"><\/div>\t\t<\/div>\n\t\t\t\t\t\t<\/div>\n\t\t\t\t<\/div>\n\t\t\t\t<\/div>\n\t\t\t\t\t<\/div>\n\t\t\t\t<\/div>\n\t\t\t\t<\/div>","protected":false},"excerpt":{"rendered":"<p>Investissement L\u2019investissement dans les chevaux de CSO allie passion du sport, vision \u00e0 long terme et opportunit\u00e9 \u00e9conomique. Encadr\u00e9 par l\u2019expertise d\u2019Hugo Mossu et de son \u00e9quipe, nous proposons un accompagnement sur mesure pour les investisseurs souhaitant s\u2019engager dans un projet sportif structur\u00e9 et ambitieux. Nous s\u00e9lectionnons rigoureusement des chevaux prometteurs, adapt\u00e9s \u00e0 diff\u00e9rents profils [&hellip;]<\/p>\n","protected":false},"author":1,"featured_media":0,"parent":0,"menu_order":0,"comment_status":"closed","ping_status":"closed","template":"","meta":{"_monsterinsights_skip_tracking":false,"_monsterinsights_sitenote_active":false,"_monsterinsights_sitenote_note":"","_monsterinsights_sitenote_category":0,"footnotes":""},"class_list":["post-3663","page","type-page","status-publish","hentry"],"_links":{"self":[{"href":"https:\/\/clearroundcompany.com\/en\/wp-json\/wp\/v2\/pages\/3663","targetHints":{"allow":["GET"]}}],"collection":[{"href":"https:\/\/clearroundcompany.com\/en\/wp-json\/wp\/v2\/pages"}],"about":[{"href":"https:\/\/clearroundcompany.com\/en\/wp-json\/wp\/v2\/types\/page"}],"author":[{"embeddable":true,"href":"https:\/\/clearroundcompany.com\/en\/wp-json\/wp\/v2\/users\/1"}],"replies":[{"embeddable":true,"href":"https:\/\/clearroundcompany.com\/en\/wp-json\/wp\/v2\/comments?post=3663"}],"version-history":[{"count":23,"href":"https:\/\/clearroundcompany.com\/en\/wp-json\/wp\/v2\/pages\/3663\/revisions"}],"predecessor-version":[{"id":3954,"href":"https:\/\/clearroundcompany.com\/en\/wp-json\/wp\/v2\/pages\/3663\/revisions\/3954"}],"wp:attachment":[{"href":"https:\/\/clearroundcompany.com\/en\/wp-json\/wp\/v2\/media?parent=3663"}],"curies":[{"name":"wp","href":"https:\/\/api.w.org\/{rel}","templated":true}]}}