{"id":3665,"date":"2025-07-07T12:05:53","date_gmt":"2025-07-07T12:05:53","guid":{"rendered":"https:\/\/clearroundcompany.com\/?page_id=3665"},"modified":"2026-03-17T08:29:27","modified_gmt":"2026-03-17T08:29:27","slug":"coaching-valorisation-et-pension-travail","status":"publish","type":"page","link":"https:\/\/clearroundcompany.com\/en\/coaching-valorisation-et-pension-travail\/","title":{"rendered":"Coaching &#038; Pensions"},"content":{"rendered":"\t\t<div data-elementor-type=\"wp-page\" data-elementor-id=\"3665\" class=\"elementor elementor-3665\" data-elementor-post-type=\"page\">\n\t\t\t\t<div class=\"elementor-element elementor-element-68f47cf animated-slow e-flex e-con-boxed elementor-invisible e-con e-parent\" data-id=\"68f47cf\" data-element_type=\"container\" data-e-type=\"container\" data-settings=\"{&quot;background_background&quot;:&quot;classic&quot;,&quot;animation&quot;:&quot;fadeIn&quot;}\">\n\t\t\t\t\t<div class=\"e-con-inner\">\n\t\t\t\t<div class=\"elementor-element elementor-element-b9657c9 elementor-widget elementor-widget-heading\" data-id=\"b9657c9\" data-element_type=\"widget\" data-e-type=\"widget\" data-widget_type=\"heading.default\">\n\t\t\t\t<div class=\"elementor-widget-container\">\n\t\t\t\t\t<h2 class=\"elementor-heading-title elementor-size-default\">Coaching \n<br>&amp; Pension<\/h2>\t\t\t\t<\/div>\n\t\t\t\t<\/div>\n\t\t\t\t\t<\/div>\n\t\t\t\t<\/div>\n\t\t<div class=\"elementor-element elementor-element-3575437 e-con-full e-flex e-con e-parent\" data-id=\"3575437\" data-element_type=\"container\" data-e-type=\"container\">\n\t\t<div class=\"elementor-element elementor-element-462155c e-con-full e-flex e-con e-child\" data-id=\"462155c\" data-element_type=\"container\" data-e-type=\"container\">\n\t\t\t\t<div class=\"elementor-element elementor-element-292bfec elementor-widget elementor-widget-heading\" data-id=\"292bfec\" data-element_type=\"widget\" data-e-type=\"widget\" data-widget_type=\"heading.default\">\n\t\t\t\t<div class=\"elementor-widget-container\">\n\t\t\t\t\t<h3 class=\"elementor-heading-title elementor-size-default\">Coaching personnalis\u00e9 par Hugo MOSSU<\/h3>\t\t\t\t<\/div>\n\t\t\t\t<\/div>\n\t\t\t\t<div class=\"elementor-element elementor-element-1806390 elementor-widget__width-initial elementor-widget elementor-widget-text-editor\" data-id=\"1806390\" data-element_type=\"widget\" data-e-type=\"widget\" data-widget_type=\"text-editor.default\">\n\t\t\t\t<div class=\"elementor-widget-container\">\n\t\t\t\t\t\t\t\t\t<p data-start=\"158\" data-end=\"372\">Cavalier professionnel et coach exp\u00e9riment\u00e9, <strong data-start=\"203\" data-end=\"217\">Hugo Mossu<\/strong> propose un accompagnement sur mesure pour cavaliers de tous niveaux d\u00e9sireux de progresser dans le respect du cheval et dans la recherche de performance.<\/p><p data-start=\"374\" data-end=\"694\">Que vous soyez amateur passionn\u00e9 ou comp\u00e9titeur ambitieux, Hugo vous accueille au sein d\u2019\u00e9curies partenaires situ\u00e9es dans l\u2019<strong data-start=\"498\" data-end=\"505\">Ain<\/strong>, dans un environnement propice au travail et \u00e0 la progression. Chaque s\u00e9ance est pens\u00e9e pour r\u00e9pondre aux besoins du couple cavalier-cheval, dans une approche exigeante mais bienveillante.<\/p><p data-start=\"696\" data-end=\"899\">Les coachings sont ouverts \u00e0 <strong data-start=\"725\" data-end=\"786\">tous les cavaliers<\/strong>, avec une attention particuli\u00e8re port\u00e9e \u00e0 la justesse du travail et \u00e0 la qualit\u00e9 du couple cavalier-cheval.<\/p>\t\t\t\t\t\t\t\t<\/div>\n\t\t\t\t<\/div>\n\t\t\t\t<div class=\"elementor-element elementor-element-b90451a elementor-align-center elementor-widget elementor-widget-button\" data-id=\"b90451a\" data-element_type=\"widget\" data-e-type=\"widget\" data-widget_type=\"button.default\">\n\t\t\t\t<div class=\"elementor-widget-container\">\n\t\t\t\t\t\t\t\t\t<div class=\"elementor-button-wrapper\">\n\t\t\t\t\t<a class=\"elementor-button elementor-button-link elementor-size-sm\" href=\"https:\/\/clearroundcompany.com\/contact\/\">\n\t\t\t\t\t\t<span class=\"elementor-button-content-wrapper\">\n\t\t\t\t\t\t\t\t\t<span class=\"elementor-button-text\">Prendre contact<\/span>\n\t\t\t\t\t<\/span>\n\t\t\t\t\t<\/a>\n\t\t\t\t<\/div>\n\t\t\t\t\t\t\t\t<\/div>\n\t\t\t\t<\/div>\n\t\t\t\t<\/div>\n\t\t<div class=\"elementor-element elementor-element-aae107b e-con-full e-flex e-con e-child\" data-id=\"aae107b\" data-element_type=\"container\" data-e-type=\"container\">\n\t\t\t\t<div class=\"elementor-element elementor-element-2193cd1 elementor-widget elementor-widget-image\" data-id=\"2193cd1\" data-element_type=\"widget\" data-e-type=\"widget\" data-settings=\"{&quot;motion_fx_motion_fx_scrolling&quot;:&quot;yes&quot;,&quot;motion_fx_translateY_effect&quot;:&quot;yes&quot;,&quot;motion_fx_translateY_speed&quot;:{&quot;unit&quot;:&quot;px&quot;,&quot;size&quot;:4,&quot;sizes&quot;:[]},&quot;motion_fx_translateY_affectedRange&quot;:{&quot;unit&quot;:&quot;%&quot;,&quot;size&quot;:&quot;&quot;,&quot;sizes&quot;:{&quot;start&quot;:0,&quot;end&quot;:100}},&quot;motion_fx_devices&quot;:[&quot;desktop&quot;,&quot;tablet&quot;,&quot;mobile&quot;]}\" data-widget_type=\"image.default\">\n\t\t\t\t<div class=\"elementor-widget-container\">\n\t\t\t\t\t\t\t\t\t\t\t\t\t\t\t<img fetchpriority=\"high\" decoding=\"async\" width=\"682\" height=\"1024\" src=\"https:\/\/clearroundcompany.com\/wp-content\/uploads\/2025\/08\/IMG_4027-Grande-682x1024.jpeg\" class=\"attachment-large size-large wp-image-3714\" alt=\"\" srcset=\"https:\/\/clearroundcompany.com\/wp-content\/uploads\/2025\/08\/IMG_4027-Grande-682x1024.jpeg 682w, https:\/\/clearroundcompany.com\/wp-content\/uploads\/2025\/08\/IMG_4027-Grande-200x300.jpeg 200w, https:\/\/clearroundcompany.com\/wp-content\/uploads\/2025\/08\/IMG_4027-Grande-768x1152.jpeg 768w, https:\/\/clearroundcompany.com\/wp-content\/uploads\/2025\/08\/IMG_4027-Grande.jpeg 853w\" sizes=\"(max-width: 682px) 100vw, 682px\" \/>\t\t\t\t\t\t\t\t\t\t\t\t\t\t\t<\/div>\n\t\t\t\t<\/div>\n\t\t\t\t<\/div>\n\t\t\t\t<\/div>\n\t\t<div class=\"elementor-element elementor-element-6ad20ed e-flex e-con-boxed e-con e-parent\" data-id=\"6ad20ed\" data-element_type=\"container\" data-e-type=\"container\">\n\t\t\t\t\t<div class=\"e-con-inner\">\n\t\t\t\t<div class=\"elementor-element elementor-element-32f257d elementor-widget elementor-widget-heading\" data-id=\"32f257d\" data-element_type=\"widget\" data-e-type=\"widget\" data-widget_type=\"heading.default\">\n\t\t\t\t<div class=\"elementor-widget-container\">\n\t\t\t\t\t<h4 class=\"elementor-heading-title elementor-size-default\">Les tarifs coaching<\/h4>\t\t\t\t<\/div>\n\t\t\t\t<\/div>\n\t\t\t\t<div class=\"elementor-element elementor-element-b7a38a0 elementor-align-start elementor-mobile-align-start elementor-widget__width-initial elementor-icon-list--layout-traditional elementor-list-item-link-full_width elementor-widget elementor-widget-icon-list\" data-id=\"b7a38a0\" data-element_type=\"widget\" data-e-type=\"widget\" data-widget_type=\"icon-list.default\">\n\t\t\t\t<div class=\"elementor-widget-container\">\n\t\t\t\t\t\t\t<ul class=\"elementor-icon-list-items\">\n\t\t\t\t\t\t\t<li class=\"elementor-icon-list-item\">\n\t\t\t\t\t\t\t\t\t\t\t<span class=\"elementor-icon-list-icon\">\n\t\t\t\t\t\t\t<svg aria-hidden=\"true\" class=\"e-font-icon-svg e-fas-user\" viewBox=\"0 0 448 512\" xmlns=\"http:\/\/www.w3.org\/2000\/svg\"><path d=\"M224 256c70.7 0 128-57.3 128-128S294.7 0 224 0 96 57.3 96 128s57.3 128 128 128zm89.6 32h-16.7c-22.2 10.2-46.9 16-72.9 16s-50.6-5.8-72.9-16h-16.7C60.2 288 0 348.2 0 422.4V464c0 26.5 21.5 48 48 48h352c26.5 0 48-21.5 48-48v-41.6c0-74.2-60.2-134.4-134.4-134.4z\"><\/path><\/svg>\t\t\t\t\t\t<\/span>\n\t\t\t\t\t\t\t\t\t\t<span class=\"elementor-icon-list-text\">Coaching particulier 60\u20ac<\/span>\n\t\t\t\t\t\t\t\t\t<\/li>\n\t\t\t\t\t\t\t\t<li class=\"elementor-icon-list-item\">\n\t\t\t\t\t\t\t\t\t\t\t<span class=\"elementor-icon-list-icon\">\n\t\t\t\t\t\t\t<svg aria-hidden=\"true\" class=\"e-font-icon-svg e-fas-user-friends\" viewBox=\"0 0 640 512\" xmlns=\"http:\/\/www.w3.org\/2000\/svg\"><path d=\"M192 256c61.9 0 112-50.1 112-112S253.9 32 192 32 80 82.1 80 144s50.1 112 112 112zm76.8 32h-8.3c-20.8 10-43.9 16-68.5 16s-47.6-6-68.5-16h-8.3C51.6 288 0 339.6 0 403.2V432c0 26.5 21.5 48 48 48h288c26.5 0 48-21.5 48-48v-28.8c0-63.6-51.6-115.2-115.2-115.2zM480 256c53 0 96-43 96-96s-43-96-96-96-96 43-96 96 43 96 96 96zm48 32h-3.8c-13.9 4.8-28.6 8-44.2 8s-30.3-3.2-44.2-8H432c-20.4 0-39.2 5.9-55.7 15.4 24.4 26.3 39.7 61.2 39.7 99.8v38.4c0 2.2-.5 4.3-.6 6.4H592c26.5 0 48-21.5 48-48 0-61.9-50.1-112-112-112z\"><\/path><\/svg>\t\t\t\t\t\t<\/span>\n\t\t\t\t\t\t\t\t\t\t<span class=\"elementor-icon-list-text\">En groupe (de 2 \u00e0 4 personnes maximum) 40\u20ac \/ cavalier<\/span>\n\t\t\t\t\t\t\t\t\t<\/li>\n\t\t\t\t\t\t\t\t<li class=\"elementor-icon-list-item\">\n\t\t\t\t\t\t\t\t\t\t\t<span class=\"elementor-icon-list-icon\">\n\t\t\t\t\t\t\t<svg aria-hidden=\"true\" class=\"e-font-icon-svg e-fas-business-time\" viewBox=\"0 0 640 512\" xmlns=\"http:\/\/www.w3.org\/2000\/svg\"><path d=\"M496 224c-79.59 0-144 64.41-144 144s64.41 144 144 144 144-64.41 144-144-64.41-144-144-144zm64 150.29c0 5.34-4.37 9.71-9.71 9.71h-60.57c-5.34 0-9.71-4.37-9.71-9.71v-76.57c0-5.34 4.37-9.71 9.71-9.71h12.57c5.34 0 9.71 4.37 9.71 9.71V352h38.29c5.34 0 9.71 4.37 9.71 9.71v12.58zM496 192c5.4 0 10.72.33 16 .81V144c0-25.6-22.4-48-48-48h-80V48c0-25.6-22.4-48-48-48H176c-25.6 0-48 22.4-48 48v48H48c-25.6 0-48 22.4-48 48v80h395.12c28.6-20.09 63.35-32 100.88-32zM320 96H192V64h128v32zm6.82 224H208c-8.84 0-16-7.16-16-16v-48H0v144c0 25.6 22.4 48 48 48h291.43C327.1 423.96 320 396.82 320 368c0-16.66 2.48-32.72 6.82-48z\"><\/path><\/svg>\t\t\t\t\t\t<\/span>\n\t\t\t\t\t\t\t\t\t\t<span class=\"elementor-icon-list-text\">Stage Weekend (2 cours) Box inclus (alimentation non incluse) 100\u20ac <\/span>\n\t\t\t\t\t\t\t\t\t<\/li>\n\t\t\t\t\t\t<\/ul>\n\t\t\t\t\t\t<\/div>\n\t\t\t\t<\/div>\n\t\t\t\t<div class=\"elementor-element elementor-element-ffbf63d elementor-align-center elementor-widget elementor-widget-button\" data-id=\"ffbf63d\" data-element_type=\"widget\" data-e-type=\"widget\" data-widget_type=\"button.default\">\n\t\t\t\t<div class=\"elementor-widget-container\">\n\t\t\t\t\t\t\t\t\t<div class=\"elementor-button-wrapper\">\n\t\t\t\t\t<a class=\"elementor-button elementor-button-link elementor-size-sm\" href=\"\/contact\">\n\t\t\t\t\t\t<span class=\"elementor-button-content-wrapper\">\n\t\t\t\t\t\t\t\t\t<span class=\"elementor-button-text\">Contact CROC<\/span>\n\t\t\t\t\t<\/span>\n\t\t\t\t\t<\/a>\n\t\t\t\t<\/div>\n\t\t\t\t\t\t\t\t<\/div>\n\t\t\t\t<\/div>\n\t\t\t\t\t<\/div>\n\t\t\t\t<\/div>\n\t\t<div class=\"elementor-element elementor-element-c6a50b7 e-flex e-con-boxed e-con e-parent\" data-id=\"c6a50b7\" data-element_type=\"container\" data-e-type=\"container\" data-settings=\"{&quot;background_background&quot;:&quot;classic&quot;}\">\n\t\t\t\t\t<div class=\"e-con-inner\">\n\t\t\t\t<div class=\"elementor-element elementor-element-3534970 elementor-widget elementor-widget-heading\" data-id=\"3534970\" data-element_type=\"widget\" data-e-type=\"widget\" data-widget_type=\"heading.default\">\n\t\t\t\t<div class=\"elementor-widget-container\">\n\t\t\t\t\t<h3 class=\"elementor-heading-title elementor-size-default\">PENSIONS &amp; VALORISATION<\/h3>\t\t\t\t<\/div>\n\t\t\t\t<\/div>\n\t\t\t\t\t<\/div>\n\t\t\t\t<\/div>\n\t\t<div class=\"elementor-element elementor-element-9b2d32c e-con-full e-flex e-con e-parent\" data-id=\"9b2d32c\" data-element_type=\"container\" data-e-type=\"container\">\n\t\t\t\t<div class=\"elementor-element elementor-element-f92997b elementor-widget elementor-widget-text-editor\" data-id=\"f92997b\" data-element_type=\"widget\" data-e-type=\"widget\" data-widget_type=\"text-editor.default\">\n\t\t\t\t<div class=\"elementor-widget-container\">\n\t\t\t\t\t\t\t\t\t<p data-start=\"244\" data-end=\"415\">Au c\u0153ur de l\u2019Ain, notre structure propose des <strong data-start=\"290\" data-end=\"324\">pensions travail<\/strong>\u00a0d\u00e9di\u00e9es \u00e0 la valorisation de chevaux d\u2019obstacle, du jeune cheval au cheval d\u2019exp\u00e9rience.<\/p><p data-start=\"417\" data-end=\"707\">Sous la supervision du cavalier professionnel <strong data-start=\"463\" data-end=\"477\">Hugo Mossu<\/strong> et de son \u00e9quipe, chaque cheval b\u00e9n\u00e9ficie d\u2019un programme de travail individualis\u00e9, dans le respect de son rythme, avec pour objectif la <strong data-start=\"614\" data-end=\"639\">progression technique<\/strong>, la <strong data-start=\"644\" data-end=\"668\">pr\u00e9paration sportive<\/strong> et la <strong data-start=\"675\" data-end=\"706\">pr\u00e9sentation en comp\u00e9tition<\/strong>.<\/p><p data-start=\"709\" data-end=\"931\">Engag\u00e9s toute l\u2019ann\u00e9e sur un circuit de <strong data-start=\"749\" data-end=\"789\">concours nationaux et internationaux<\/strong>, nous offrons \u00e0 chaque cheval une <strong data-start=\"824\" data-end=\"849\">visibilit\u00e9 de qualit\u00e9<\/strong> aupr\u00e8s d\u2019un r\u00e9seau d\u2019acheteurs et de professionnels en France comme \u00e0 l\u2019\u00e9tranger.<\/p><blockquote data-start=\"933\" data-end=\"1038\"><p data-start=\"935\" data-end=\"1038\"><strong data-start=\"935\" data-end=\"1038\">Professionnalisme, rigueur et mise en valeur du potentiel de chaque cheval guident notre quotidien.<\/strong><\/p><\/blockquote><p data-start=\"1040\" data-end=\"1127\">Les places en pension sont limit\u00e9es afin de garantir un suivi attentif et personnalis\u00e9.<\/p><p data-start=\"1129\" data-end=\"1222\">Pour toute demande ou information compl\u00e9mentaire, n\u2019h\u00e9sitez pas \u00e0 nous contacter directement.<\/p>\t\t\t\t\t\t\t\t<\/div>\n\t\t\t\t<\/div>\n\t\t\t\t<\/div>\n\t\t\t\t<\/div>\n\t\t","protected":false},"excerpt":{"rendered":"<p>Coaching &amp; Pension Coaching personnalis\u00e9 par Hugo MOSSU Cavalier professionnel et coach exp\u00e9riment\u00e9, Hugo Mossu propose un accompagnement sur mesure pour cavaliers de tous niveaux d\u00e9sireux de progresser dans le respect du cheval et dans la recherche de performance. Que vous soyez amateur passionn\u00e9 ou comp\u00e9titeur ambitieux, Hugo vous accueille au sein d\u2019\u00e9curies partenaires situ\u00e9es [&hellip;]<\/p>\n","protected":false},"author":1,"featured_media":0,"parent":0,"menu_order":0,"comment_status":"closed","ping_status":"closed","template":"","meta":{"_monsterinsights_skip_tracking":false,"_monsterinsights_sitenote_active":false,"_monsterinsights_sitenote_note":"","_monsterinsights_sitenote_category":0,"footnotes":""},"class_list":["post-3665","page","type-page","status-publish","hentry"],"_links":{"self":[{"href":"https:\/\/clearroundcompany.com\/en\/wp-json\/wp\/v2\/pages\/3665","targetHints":{"allow":["GET"]}}],"collection":[{"href":"https:\/\/clearroundcompany.com\/en\/wp-json\/wp\/v2\/pages"}],"about":[{"href":"https:\/\/clearroundcompany.com\/en\/wp-json\/wp\/v2\/types\/page"}],"author":[{"embeddable":true,"href":"https:\/\/clearroundcompany.com\/en\/wp-json\/wp\/v2\/users\/1"}],"replies":[{"embeddable":true,"href":"https:\/\/clearroundcompany.com\/en\/wp-json\/wp\/v2\/comments?post=3665"}],"version-history":[{"count":101,"href":"https:\/\/clearroundcompany.com\/en\/wp-json\/wp\/v2\/pages\/3665\/revisions"}],"predecessor-version":[{"id":4782,"href":"https:\/\/clearroundcompany.com\/en\/wp-json\/wp\/v2\/pages\/3665\/revisions\/4782"}],"wp:attachment":[{"href":"https:\/\/clearroundcompany.com\/en\/wp-json\/wp\/v2\/media?parent=3665"}],"curies":[{"name":"wp","href":"https:\/\/api.w.org\/{rel}","templated":true}]}}