{"id":3765,"date":"2025-08-08T20:36:46","date_gmt":"2025-08-08T20:36:46","guid":{"rendered":"https:\/\/clearroundcompany.com\/?page_id=3765"},"modified":"2025-08-08T20:40:32","modified_gmt":"2025-08-08T20:40:32","slug":"mentions-legales","status":"publish","type":"page","link":"https:\/\/clearroundcompany.com\/en\/mentions-legales\/","title":{"rendered":"Mentions l\u00e9gales"},"content":{"rendered":"\t\t<div data-elementor-type=\"wp-page\" data-elementor-id=\"3765\" class=\"elementor elementor-3765\" data-elementor-post-type=\"page\">\n\t\t\t\t<div class=\"elementor-element elementor-element-c184ebe e-flex e-con-boxed e-con e-parent\" data-id=\"c184ebe\" data-element_type=\"container\" data-e-type=\"container\">\n\t\t\t\t\t<div class=\"e-con-inner\">\n\t\t\t\t<div class=\"elementor-element elementor-element-73b3497 elementor-widget elementor-widget-heading\" data-id=\"73b3497\" data-element_type=\"widget\" data-e-type=\"widget\" data-widget_type=\"heading.default\">\n\t\t\t\t<div class=\"elementor-widget-container\">\n\t\t\t\t\t<h2 class=\"elementor-heading-title elementor-size-default\">Mentions l\u00e9gales de Clearroundcompany.com<\/h2>\t\t\t\t<\/div>\n\t\t\t\t<\/div>\n\t\t\t\t<div class=\"elementor-element elementor-element-3b1e860 elementor-widget elementor-widget-text-editor\" data-id=\"3b1e860\" data-element_type=\"widget\" data-e-type=\"widget\" data-widget_type=\"text-editor.default\">\n\t\t\t\t<div class=\"elementor-widget-container\">\n\t\t\t\t\t\t\t\t\t<h2 data-start=\"315\" data-end=\"333\">\u00c9diteur du site<\/h2><p data-start=\"334\" data-end=\"638\"><strong data-start=\"334\" data-end=\"357\">Clear Round Company<\/strong><br data-start=\"357\" data-end=\"360\" \/>Forme juridique : SARL<br data-start=\"407\" data-end=\"410\" \/>Capital social : 500,00\u20ac<br data-start=\"439\" data-end=\"442\" \/>Si\u00e8ge social : 65 IMPASSE BELLE VUE 01160 SAINT-MARTIN-DU-MONT<br data-start=\"475\" data-end=\"478\" \/>RCS : 93483094400013<br data-start=\"526\" data-end=\"529\" \/>Num\u00e9ro de TVA intracommunautaire : FR35934830944<br data-start=\"576\" data-end=\"579\" \/>T\u00e9l\u00e9phone : 06 83 15 62 17<br data-start=\"599\" data-end=\"602\" \/>E-mail : clearroundcompany@gmail.com<\/p><p data-start=\"640\" data-end=\"727\">Directeur de la publication : Hugo MOSSU<br data-start=\"685\" data-end=\"688\" \/>Responsable \u00e9ditorial : Hugo MOSSU<\/p><hr data-start=\"836\" data-end=\"839\" \/><h2 data-start=\"734\" data-end=\"746\">H\u00e9bergeur<\/h2><p data-start=\"747\" data-end=\"834\">HOSTINGER<br data-start=\"767\" data-end=\"770\" \/>Adresse : 61 Lordou Vironos Street Larnaca 6023 Cyprus<\/p><hr data-start=\"836\" data-end=\"839\" \/><h2 data-start=\"841\" data-end=\"868\">Propri\u00e9t\u00e9 intellectuelle<\/h2><p data-start=\"869\" data-end=\"1276\">L\u2019ensemble des \u00e9l\u00e9ments du site (textes, images, graphismes, logo, vid\u00e9os, ic\u00f4nes, sons, logiciels, etc.) sont la propri\u00e9t\u00e9 exclusive de <strong data-start=\"1006\" data-end=\"1029\">Clear Round Company<\/strong>, sauf mention contraire.<br data-start=\"1054\" data-end=\"1057\" \/>Toute reproduction, repr\u00e9sentation, modification, publication, transmission ou adaptation, totale ou partielle, de ces \u00e9l\u00e9ments, est strictement interdite sans l\u2019autorisation \u00e9crite pr\u00e9alable de <strong data-start=\"1252\" data-end=\"1275\">Clear Round Company<\/strong>.<\/p><hr data-start=\"1278\" data-end=\"1281\" \/><h2 data-start=\"1283\" data-end=\"1321\">Protection des donn\u00e9es personnelles<\/h2><p data-start=\"1322\" data-end=\"1637\">Conform\u00e9ment au <strong data-start=\"1338\" data-end=\"1396\">R\u00e8glement G\u00e9n\u00e9ral sur la Protection des Donn\u00e9es (RGPD)<\/strong> et \u00e0 la loi \u00ab Informatique et Libert\u00e9s \u00bb, les informations personnelles collect\u00e9es via le site sont destin\u00e9es uniquement \u00e0 <strong data-start=\"1520\" data-end=\"1543\">Clear Round Company<\/strong> et ne seront en aucun cas transmises \u00e0 des tiers, sauf obligation l\u00e9gale ou accord pr\u00e9alable.<\/p><p data-start=\"1639\" data-end=\"1837\">Vous disposez d\u2019un droit d\u2019acc\u00e8s, de rectification, de suppression et de portabilit\u00e9 de vos donn\u00e9es, ainsi que du droit de limiter ou de vous opposer \u00e0 leur traitement.<br data-start=\"1807\" data-end=\"1810\" \/>Pour exercer vos droits :<\/p><ul data-start=\"1838\" data-end=\"1929\"><li data-start=\"1838\" data-end=\"1883\"><p data-start=\"1840\" data-end=\"1883\">Par e-mail : clearroundcompany@gmail.com<\/p><\/li><li data-start=\"1884\" data-end=\"1929\"><p data-start=\"1886\" data-end=\"1929\">Par courrier :\u00a0<span style=\"background-color: transparent;\">65 IMPASSE BELLE VUE 01160 SAINT-MARTIN-DU-MONT<\/span><\/p><\/li><\/ul><hr data-start=\"1931\" data-end=\"1934\" \/><h2 data-start=\"1936\" data-end=\"1946\">Cookies<\/h2><p data-start=\"1947\" data-end=\"2245\">Le site utilise des cookies pour am\u00e9liorer l\u2019exp\u00e9rience utilisateur, mesurer l\u2019audience et proposer des contenus personnalis\u00e9s.<br data-start=\"2074\" data-end=\"2077\" \/>Vous pouvez \u00e0 tout moment d\u00e9sactiver les cookies via les param\u00e8tres de votre navigateur.<br data-start=\"2165\" data-end=\"2168\" \/>Pour en savoir plus, consultez notre [politique de cookies] (lien \u00e0 ins\u00e9rer).<\/p><hr data-start=\"2247\" data-end=\"2250\" \/><h2 data-start=\"2252\" data-end=\"2283\">Limitation de responsabilit\u00e9<\/h2><p data-start=\"2284\" data-end=\"2345\"><strong data-start=\"2284\" data-end=\"2307\">Clear Round Company<\/strong> ne saurait \u00eatre tenue responsable :<\/p><ul data-start=\"2346\" data-end=\"2616\"><li data-start=\"2346\" data-end=\"2453\"><p data-start=\"2348\" data-end=\"2453\">des dommages directs ou indirects r\u00e9sultant de l\u2019utilisation du site ou de l\u2019impossibilit\u00e9 d\u2019y acc\u00e9der,<\/p><\/li><li data-start=\"2454\" data-end=\"2519\"><p data-start=\"2456\" data-end=\"2519\">de la pr\u00e9sence \u00e9ventuelle de virus informatiques sur le site,<\/p><\/li><li data-start=\"2520\" data-end=\"2616\"><p data-start=\"2522\" data-end=\"2616\">des informations fournies par des sites externes vers lesquels pointent des liens hypertextes.<\/p><\/li><\/ul><hr data-start=\"2618\" data-end=\"2621\" \/><h2 data-start=\"2623\" data-end=\"2642\">Droit applicable<\/h2><p data-start=\"2643\" data-end=\"2865\">Les pr\u00e9sentes mentions l\u00e9gales sont soumises au droit fran\u00e7ais.<br data-start=\"2706\" data-end=\"2709\" \/>En cas de litige, et \u00e0 d\u00e9faut de r\u00e9solution amiable, comp\u00e9tence exclusive est attribu\u00e9e aux tribunaux du ressort du si\u00e8ge social de <strong data-start=\"2841\" data-end=\"2864\">Clear Round Company<\/strong>.<\/p>\t\t\t\t\t\t\t\t<\/div>\n\t\t\t\t<\/div>\n\t\t\t\t\t<\/div>\n\t\t\t\t<\/div>\n\t\t\t\t<\/div>\n\t\t","protected":false},"excerpt":{"rendered":"<p>Mentions l\u00e9gales de Clearroundcompany.com \u00c9diteur du site Clear Round CompanyForme juridique : SARLCapital social : 500,00\u20acSi\u00e8ge social : 65 IMPASSE BELLE VUE 01160 SAINT-MARTIN-DU-MONTRCS : 93483094400013Num\u00e9ro de TVA intracommunautaire : FR35934830944T\u00e9l\u00e9phone : 06 83 15 62 17E-mail : clearroundcompany@gmail.com Directeur de la publication : Hugo MOSSUResponsable \u00e9ditorial : Hugo MOSSU H\u00e9bergeur HOSTINGERAdresse : 61 Lordou [&hellip;]<\/p>\n","protected":false},"author":1,"featured_media":0,"parent":0,"menu_order":0,"comment_status":"closed","ping_status":"closed","template":"","meta":{"_monsterinsights_skip_tracking":false,"_monsterinsights_sitenote_active":false,"_monsterinsights_sitenote_note":"","_monsterinsights_sitenote_category":0,"footnotes":""},"class_list":["post-3765","page","type-page","status-publish","hentry"],"_links":{"self":[{"href":"https:\/\/clearroundcompany.com\/en\/wp-json\/wp\/v2\/pages\/3765","targetHints":{"allow":["GET"]}}],"collection":[{"href":"https:\/\/clearroundcompany.com\/en\/wp-json\/wp\/v2\/pages"}],"about":[{"href":"https:\/\/clearroundcompany.com\/en\/wp-json\/wp\/v2\/types\/page"}],"author":[{"embeddable":true,"href":"https:\/\/clearroundcompany.com\/en\/wp-json\/wp\/v2\/users\/1"}],"replies":[{"embeddable":true,"href":"https:\/\/clearroundcompany.com\/en\/wp-json\/wp\/v2\/comments?post=3765"}],"version-history":[{"count":10,"href":"https:\/\/clearroundcompany.com\/en\/wp-json\/wp\/v2\/pages\/3765\/revisions"}],"predecessor-version":[{"id":3775,"href":"https:\/\/clearroundcompany.com\/en\/wp-json\/wp\/v2\/pages\/3765\/revisions\/3775"}],"wp:attachment":[{"href":"https:\/\/clearroundcompany.com\/en\/wp-json\/wp\/v2\/media?parent=3765"}],"curies":[{"name":"wp","href":"https:\/\/api.w.org\/{rel}","templated":true}]}}