{"id":4021,"date":"2025-10-13T09:20:37","date_gmt":"2025-10-13T09:20:37","guid":{"rendered":"https:\/\/clearroundcompany.com\/?page_id=4021"},"modified":"2026-04-08T07:25:17","modified_gmt":"2026-04-08T07:25:17","slug":"tess-vant-elshout","status":"publish","type":"page","link":"https:\/\/clearroundcompany.com\/en\/tess-vant-elshout\/","title":{"rendered":"Tess Van&rsquo;t Elshout"},"content":{"rendered":"\t\t<div data-elementor-type=\"wp-page\" data-elementor-id=\"4021\" class=\"elementor elementor-4021\" data-elementor-post-type=\"page\">\n\t\t\t\t<div class=\"elementor-element elementor-element-a3ed37b e-flex e-con-boxed e-con e-parent\" data-id=\"a3ed37b\" data-element_type=\"container\" data-e-type=\"container\">\n\t\t\t\t\t<div class=\"e-con-inner\">\n\t\t\t\t<div class=\"elementor-element elementor-element-2cad75d elementor-invisible elementor-widget elementor-widget-heading\" data-id=\"2cad75d\" data-element_type=\"widget\" data-e-type=\"widget\" data-settings=\"{&quot;_animation&quot;:&quot;fadeInRight&quot;}\" data-widget_type=\"heading.default\">\n\t\t\t\t<div class=\"elementor-widget-container\">\n\t\t\t\t\t<h2 class=\"elementor-heading-title elementor-size-default\">Tess Van't Elshout<\/h2>\t\t\t\t<\/div>\n\t\t\t\t<\/div>\n\t\t\t\t\t<\/div>\n\t\t\t\t<\/div>\n\t\t<div class=\"elementor-element elementor-element-6c18248 e-flex e-con-boxed e-con e-parent\" data-id=\"6c18248\" data-element_type=\"container\" data-e-type=\"container\">\n\t\t\t\t\t<div class=\"e-con-inner\">\n\t\t\t\t<div class=\"elementor-element elementor-element-7c0fb50 elementor-invisible elementor-widget elementor-widget-image\" data-id=\"7c0fb50\" data-element_type=\"widget\" data-e-type=\"widget\" data-settings=\"{&quot;_animation&quot;:&quot;slideInUp&quot;}\" data-widget_type=\"image.default\">\n\t\t\t\t<div class=\"elementor-widget-container\">\n\t\t\t\t\t\t\t\t\t\t\t\t\t\t\t<img fetchpriority=\"high\" decoding=\"async\" width=\"2560\" height=\"1706\" src=\"https:\/\/clearroundcompany.com\/wp-content\/uploads\/2026\/01\/1818-LA1_6483-1-scaled.jpg\" class=\"attachment-full size-full wp-image-4248\" alt=\"\" srcset=\"https:\/\/clearroundcompany.com\/wp-content\/uploads\/2026\/01\/1818-LA1_6483-1-scaled.jpg 2560w, https:\/\/clearroundcompany.com\/wp-content\/uploads\/2026\/01\/1818-LA1_6483-1-300x200.jpg 300w, https:\/\/clearroundcompany.com\/wp-content\/uploads\/2026\/01\/1818-LA1_6483-1-1024x683.jpg 1024w, https:\/\/clearroundcompany.com\/wp-content\/uploads\/2026\/01\/1818-LA1_6483-1-768x512.jpg 768w, https:\/\/clearroundcompany.com\/wp-content\/uploads\/2026\/01\/1818-LA1_6483-1-1536x1024.jpg 1536w, https:\/\/clearroundcompany.com\/wp-content\/uploads\/2026\/01\/1818-LA1_6483-1-2048x1365.jpg 2048w, https:\/\/clearroundcompany.com\/wp-content\/uploads\/2026\/01\/1818-LA1_6483-1-18x12.jpg 18w\" sizes=\"(max-width: 2560px) 100vw, 2560px\" \/>\t\t\t\t\t\t\t\t\t\t\t\t\t\t\t<\/div>\n\t\t\t\t<\/div>\n\t\t\t\t\t<\/div>\n\t\t\t\t<\/div>\n\t\t<div class=\"elementor-element elementor-element-a6536df e-con-full e-flex elementor-invisible e-con e-child\" data-id=\"a6536df\" data-element_type=\"container\" data-e-type=\"container\" data-settings=\"{&quot;animation&quot;:&quot;slideInUp&quot;,&quot;shape_divider_top&quot;:&quot;opacity-fan&quot;,&quot;shape_divider_bottom&quot;:&quot;opacity-fan&quot;}\">\n\t\t\t\t<div class=\"elementor-shape elementor-shape-top\" aria-hidden=\"true\" data-negative=\"false\">\n\t\t\t<svg xmlns=\"http:\/\/www.w3.org\/2000\/svg\" viewBox=\"0 0 283.5 19.6\" preserveAspectRatio=\"none\">\n\t<path class=\"elementor-shape-fill\" style=\"opacity:0.33\" d=\"M0 0L0 18.8 141.8 4.1 283.5 18.8 283.5 0z\"\/>\n\t<path class=\"elementor-shape-fill\" style=\"opacity:0.33\" d=\"M0 0L0 12.6 141.8 4 283.5 12.6 283.5 0z\"\/>\n\t<path class=\"elementor-shape-fill\" style=\"opacity:0.33\" d=\"M0 0L0 6.4 141.8 4 283.5 6.4 283.5 0z\"\/>\n\t<path class=\"elementor-shape-fill\" d=\"M0 0L0 1.2 141.8 4 283.5 1.2 283.5 0z\"\/>\n<\/svg>\t\t<\/div>\n\t\t\t\t<div class=\"elementor-shape elementor-shape-bottom\" aria-hidden=\"true\" data-negative=\"false\">\n\t\t\t<svg xmlns=\"http:\/\/www.w3.org\/2000\/svg\" viewBox=\"0 0 283.5 19.6\" preserveAspectRatio=\"none\">\n\t<path class=\"elementor-shape-fill\" style=\"opacity:0.33\" d=\"M0 0L0 18.8 141.8 4.1 283.5 18.8 283.5 0z\"\/>\n\t<path class=\"elementor-shape-fill\" style=\"opacity:0.33\" d=\"M0 0L0 12.6 141.8 4 283.5 12.6 283.5 0z\"\/>\n\t<path class=\"elementor-shape-fill\" style=\"opacity:0.33\" d=\"M0 0L0 6.4 141.8 4 283.5 6.4 283.5 0z\"\/>\n\t<path class=\"elementor-shape-fill\" d=\"M0 0L0 1.2 141.8 4 283.5 1.2 283.5 0z\"\/>\n<\/svg>\t\t<\/div>\n\t\t\t\t<div class=\"elementor-element elementor-element-afe7fcf elementor-widget elementor-widget-text-editor\" data-id=\"afe7fcf\" data-element_type=\"widget\" data-e-type=\"widget\" data-widget_type=\"text-editor.default\">\n\t\t\t\t<div class=\"elementor-widget-container\">\n\t\t\t\t\t\t\t\t\t<p>Nom : TESS VAN&rsquo;T ELSHOUT<\/p>\t\t\t\t\t\t\t\t<\/div>\n\t\t\t\t<\/div>\n\t\t\t\t<div class=\"elementor-element elementor-element-ee451bc elementor-widget elementor-widget-text-editor\" data-id=\"ee451bc\" data-element_type=\"widget\" data-e-type=\"widget\" data-widget_type=\"text-editor.default\">\n\t\t\t\t<div class=\"elementor-widget-container\">\n\t\t\t\t\t\t\t\t\t<p>Origine : ORAK D&rsquo;HAMWYCK (SCUDERIA 1918 TOBAGO Z)<\/p>\t\t\t\t\t\t\t\t<\/div>\n\t\t\t\t<\/div>\n\t\t\t\t<div class=\"elementor-element elementor-element-390b42f elementor-widget elementor-widget-text-editor\" data-id=\"390b42f\" data-element_type=\"widget\" data-e-type=\"widget\" data-widget_type=\"text-editor.default\">\n\t\t\t\t<div class=\"elementor-widget-container\">\n\t\t\t\t\t\t\t\t\t<p>Sexe : Jument<\/p>\t\t\t\t\t\t\t\t<\/div>\n\t\t\t\t<\/div>\n\t\t\t\t<div class=\"elementor-element elementor-element-d5ad3e9 elementor-widget elementor-widget-text-editor\" data-id=\"d5ad3e9\" data-element_type=\"widget\" data-e-type=\"widget\" data-widget_type=\"text-editor.default\">\n\t\t\t\t<div class=\"elementor-widget-container\">\n\t\t\t\t\t\t\t\t\t<p>Taille : 1m66<\/p>\t\t\t\t\t\t\t\t<\/div>\n\t\t\t\t<\/div>\n\t\t\t\t<div class=\"elementor-element elementor-element-c721b42 elementor-widget elementor-widget-text-editor\" data-id=\"c721b42\" data-element_type=\"widget\" data-e-type=\"widget\" data-widget_type=\"text-editor.default\">\n\t\t\t\t<div class=\"elementor-widget-container\">\n\t\t\t\t\t\t\t\t\t<p>Ann\u00e9e de naissance : 2019<\/p>\t\t\t\t\t\t\t\t<\/div>\n\t\t\t\t<\/div>\n\t\t<div class=\"elementor-element elementor-element-a06dcaf e-grid e-con-boxed e-con e-child\" data-id=\"a06dcaf\" data-element_type=\"container\" data-e-type=\"container\">\n\t\t\t\t\t<div class=\"e-con-inner\">\n\t\t\t\t<div class=\"elementor-element elementor-element-07eecee elementor-align-center elementor-widget elementor-widget-button\" data-id=\"07eecee\" data-element_type=\"widget\" data-e-type=\"widget\" data-settings=\"{&quot;_animation_mobile&quot;:&quot;fadeInRight&quot;}\" data-widget_type=\"button.default\">\n\t\t\t\t<div class=\"elementor-widget-container\">\n\t\t\t\t\t\t\t\t\t<div class=\"elementor-button-wrapper\">\n\t\t\t\t\t<a class=\"elementor-button elementor-button-link elementor-size-sm\" href=\"https:\/\/data.fei.org\/Horse\/Performance.aspx?p=4914E5E5E8977A395E0DE20320D56BB9\" target=\"_blank\" rel=\"noopener\">\n\t\t\t\t\t\t<span class=\"elementor-button-content-wrapper\">\n\t\t\t\t\t\t\t\t\t<span class=\"elementor-button-text\">R\u00e9sultats FEI<\/span>\n\t\t\t\t\t<\/span>\n\t\t\t\t\t<\/a>\n\t\t\t\t<\/div>\n\t\t\t\t\t\t\t\t<\/div>\n\t\t\t\t<\/div>\n\t\t\t\t<div class=\"elementor-element elementor-element-c43f3d7 elementor-align-center elementor-widget elementor-widget-button\" data-id=\"c43f3d7\" data-element_type=\"widget\" data-e-type=\"widget\" data-settings=\"{&quot;_animation_mobile&quot;:&quot;fadeInRight&quot;}\" data-widget_type=\"button.default\">\n\t\t\t\t<div class=\"elementor-widget-container\">\n\t\t\t\t\t\t\t\t\t<div class=\"elementor-button-wrapper\">\n\t\t\t\t\t<a class=\"elementor-button elementor-button-link elementor-size-sm\" href=\"https:\/\/ffecompet.ffe.com\/cheval\/TkRjeU5qYzBOemdWdjJLa3VCaldGZz09#performances\" target=\"_blank\" rel=\"noopener\">\n\t\t\t\t\t\t<span class=\"elementor-button-content-wrapper\">\n\t\t\t\t\t\t\t\t\t<span class=\"elementor-button-text\">R\u00e9sultats FFE<\/span>\n\t\t\t\t\t<\/span>\n\t\t\t\t\t<\/a>\n\t\t\t\t<\/div>\n\t\t\t\t\t\t\t\t<\/div>\n\t\t\t\t<\/div>\n\t\t\t\t<div class=\"elementor-element elementor-element-28b341a elementor-align-center elementor-widget elementor-widget-button\" data-id=\"28b341a\" data-element_type=\"widget\" data-e-type=\"widget\" data-widget_type=\"button.default\">\n\t\t\t\t<div class=\"elementor-widget-container\">\n\t\t\t\t\t\t\t\t\t<div class=\"elementor-button-wrapper\">\n\t\t\t\t\t<a class=\"elementor-button elementor-button-link elementor-size-sm\" href=\"https:\/\/www.youtube.com\/watch?v=L7myS6cTNWY&#038;list=PLrvy_uz7aK_1LjV-gNmW-dn_l1SYFpijm\" target=\"_blank\" rel=\"noopener\">\n\t\t\t\t\t\t<span class=\"elementor-button-content-wrapper\">\n\t\t\t\t\t\t\t\t\t<span class=\"elementor-button-text\">VIDEOS<\/span>\n\t\t\t\t\t<\/span>\n\t\t\t\t\t<\/a>\n\t\t\t\t<\/div>\n\t\t\t\t\t\t\t\t<\/div>\n\t\t\t\t<\/div>\n\t\t\t\t\t<\/div>\n\t\t\t\t<\/div>\n\t\t\t\t<\/div>\n\t\t<div class=\"elementor-element elementor-element-fa6f10d e-flex e-con-boxed e-con e-parent\" data-id=\"fa6f10d\" data-element_type=\"container\" data-e-type=\"container\">\n\t\t\t\t\t<div class=\"e-con-inner\">\n\t\t\t\t<div class=\"elementor-element elementor-element-dda98a7 elementor-widget elementor-widget-shortcode\" data-id=\"dda98a7\" data-element_type=\"widget\" data-e-type=\"widget\" data-widget_type=\"shortcode.default\">\n\t\t\t\t<div class=\"elementor-widget-container\">\n\t\t\t\t\t\t\t<div class=\"elementor-shortcode\">\n\n<div id=\"sb_youtube_sbyPLrvySYFpijm9\" \n\t class=\"sb_youtube sby_layout_grid sby_col_3 sby_mob_col_1 sby_palette_inherit  sby_width_resp\" \n\tdata-feedid=\"sby_PLrvy_SYFpijm#9\" \n\tdata-shortcode-atts=\"{&quot;feed&quot;:&quot;10&quot;}\" \n\tdata-cols=\"3\" \n\tdata-colsmobile=\"1\" \n\tdata-num=\"9\" \n\tdata-nummobile=\"9\" \n\t\tdata-subscribe-btn=\"1\" \n\tdata-subscribe-btn-text=\"S&#039;abonner\" \n\tdata_channel_header_colors =\"{&quot;channelName&quot;:&quot;&quot;,&quot;subscribeCount&quot;:&quot;&quot;,&quot;buttonBackground&quot;:&quot;&quot;,&quot;buttonText&quot;:&quot;&quot;}\"\n\t data-options=\"{&quot;cta&quot;:{&quot;type&quot;:&quot;related&quot;,&quot;defaultPosts&quot;:[],&quot;defaultLink&quot;:&quot;&quot;,&quot;defaultText&quot;:&quot;En savoir plus&quot;,&quot;openType&quot;:&quot;same&quot;,&quot;color&quot;:&quot;&quot;,&quot;textColor&quot;:&quot;&quot;},&quot;descriptionlength&quot;:150}\" data-sby-flags=\"resizeDisable\" data-postid=\"4021\" data-sby-supports-lightbox=\"1\" \n\t data-videocardlayout=\"vertical\" \n>\n\t        <div class=\"sby_items_wrap\" style=\"padding: 5px;\">\n\t\t<div class=\"sby_item  sby_new sby_transition\" id=\"sby_UExydnlfdXo3YUtfMUxqVi1nTm1XLWRuX2wxU1lGcGlqbS4wOTA3OTZBNzVEMTUzOTMy\" data-date=\"1764868749\" data-video-id=\"bwAXPyIRaMA\" data-video-title=\"Tess Van&#039;t Eshoult \/\/ Orak D&#039;Hamwyck - CSIYH 6\u00e8me\" data-live-date=\"0\" data-channel-id=\"UCWXL77MuHnGzNi4o2Bkossw\" >\n    <div class=\"sby_inner_item\">\n        <div class=\"sby_video_thumbnail_wrap sby_item_video_thumbnail_wrap\">\n            <a class=\"sby_video_thumbnail sby_item_video_thumbnail\" style=\"background-image:url(https:\/\/clearroundcompany.com\/wp-content\/plugins\/youtube-feed-pro\/img\/placeholder.png)\" href=\"https:\/\/www.youtube.com\/watch?v=bwAXPyIRaMA\" target=\"_blank\" rel=\"noopener\" data-full-res=\"https:\/\/i.ytimg.com\/vi\/bwAXPyIRaMA\/hqdefault.jpg\" data-img-src-set=\"{&quot;120&quot;:&quot;https:\\\/\\\/i.ytimg.com\\\/vi\\\/bwAXPyIRaMA\\\/default.jpg&quot;,&quot;320&quot;:&quot;https:\\\/\\\/i.ytimg.com\\\/vi\\\/bwAXPyIRaMA\\\/mqdefault.jpg&quot;,&quot;480&quot;:&quot;https:\\\/\\\/i.ytimg.com\\\/vi\\\/bwAXPyIRaMA\\\/hqdefault.jpg&quot;,&quot;640&quot;:&quot;https:\\\/\\\/i.ytimg.com\\\/vi\\\/bwAXPyIRaMA\\\/hqdefault.jpg&quot;}\" data-video-id=\"bwAXPyIRaMA\" data-user=\"Clear Round Company\" data-url=\"https:\/\/www.youtube.com\/watch?v=bwAXPyIRaMA\" data-avatar=\"\" data-title=\"\" data-video-title=\"Tess Van&#039;t Eshoult \/\/ Orak D&#039;Hamwyck - CSIYH 6\u00e8me\" data-channel-id=\"UCWXL77MuHnGzNi4o2Bkossw\" data-views=\"51 Vues\" data-published-date=\"1764868749\" data-formatted-published-date=\"December 4, 2025 5:19 pm\" data-comment-count=\"0\">\n                <img decoding=\"async\" src=\"https:\/\/clearroundcompany.com\/wp-content\/plugins\/youtube-feed-pro\/img\/placeholder.png\" alt=\"\">\n                \n                <div class=\"sby_thumbnail_hover sby_item_video_thumbnail_hover\">\n                    <div class=\"sby_thumbnail_hover_inner\">\n                                                    <span class=\"sby_video_title\" >Tess Van&#039;t Eshoult \/\/ Orak D&#039;Hamwyck - CSIYH 6\u00e8me<\/span>\n                        \n                        \n                        \n                        \n                                            <\/div>\n                <\/div>\n\n                <span class=\"sby-screenreader\">YouTube Video UExydnlfdXo3YUtfMUxqVi1nTm1XLWRuX2wxU1lGcGlqbS4wOTA3OTZBNzVEMTUzOTMy<\/span>\n                                    <div class=\"sby_play_btn\" >\n                        <span class=\"sby_play_btn_bg\"><\/span>\n                    <svg aria-hidden=\"true\" focusable=\"false\" data-prefix=\"fab\" data-icon=\"youtube\" role=\"img\" xmlns=\"http:\/\/www.w3.org\/2000\/svg\" viewBox=\"0 0 576 512\" class=\"svg-inline--fa fa-youtube fa-w-18\"><path fill=\"currentColor\" d=\"M549.655 124.083c-6.281-23.65-24.787-42.276-48.284-48.597C458.781 64 288 64 288 64S117.22 64 74.629 75.486c-23.497 6.322-42.003 24.947-48.284 48.597-11.412 42.867-11.412 132.305-11.412 132.305s0 89.438 11.412 132.305c6.281 23.65 24.787 41.5 48.284 47.821C117.22 448 288 448 288 448s170.78 0 213.371-11.486c23.497-6.321 42.003-24.171 48.284-47.821 11.412-42.867 11.412-132.305 11.412-132.305s0-89.438-11.412-132.305zm-317.51 213.508V175.185l142.739 81.205-142.739 81.201z\" class=\"\"><\/path><\/svg>                    <\/div>\n                                <span class=\"sby_loader sby_hidden\" style=\"background-color: rgb(255, 255, 255);\"><\/span>\n            <\/a>\n\n            \n        <\/div>\n\n        \n<div class=\"sby_info sby_info_item\">\n\t<div class=\"sby-video-info-bottom sby-comments-enabled\">\n\t\t<div class=\"sby-video-info\">\n\t\t\t\t\t\t\t<p class=\"sby_video_title_wrap\" >\n\t\t\t\t\t<span class=\"sby_video_title\">Tess Van&#039;t Eshoult \/\/ Orak D&#039;Hamwyck - CSIYH 6\u00e8me<\/span>\n\t\t\t\t<\/p>\n\t\t\t\n\t\t\t\t\t\t\t<p class=\"sby_meta\" >\n\t\t\t\t\t\t\t\t\t\t\t\t\t\t\t\t\t\t\t\t\t<span class=\"sby_date_wrap\" >\n\t\t\t\t\t\t\t<span class=\"sby_date sby_live_broadcast_type_none\">December 4, 2025 5:19 pm<\/span>\n\t\t\t\t\t\t<\/span>\n\t\t\t\t\t\t\t\t\t<\/p>\n\t\t\t\n\t\t\t\n\t\t\t\n\t\t\t\t\t<\/div>\n\n\t\t\t\t\t\t\t\t<\/div>\n<\/div>    <\/div>\n<\/div><div class=\"sby_item  sby_new sby_transition\" id=\"sby_UExydnlfdXo3YUtfMUxqVi1nTm1XLWRuX2wxU1lGcGlqbS4yODlGNEE0NkRGMEEzMEQy\" data-date=\"1750662730\" data-video-id=\"d0ocpzfkMFI\" data-video-title=\"Tess Van&#039;t Eshoult \/\/ 6 yo \/\/ ORAK D&#039;HAMWYCK presented by Clear Round Company - CROC\" data-live-date=\"0\" data-channel-id=\"UCWXL77MuHnGzNi4o2Bkossw\" >\n    <div class=\"sby_inner_item\">\n        <div class=\"sby_video_thumbnail_wrap sby_item_video_thumbnail_wrap\">\n            <a class=\"sby_video_thumbnail sby_item_video_thumbnail\" style=\"background-image:url(https:\/\/clearroundcompany.com\/wp-content\/plugins\/youtube-feed-pro\/img\/placeholder.png)\" href=\"https:\/\/www.youtube.com\/watch?v=d0ocpzfkMFI\" target=\"_blank\" rel=\"noopener\" data-full-res=\"https:\/\/i.ytimg.com\/vi\/d0ocpzfkMFI\/maxresdefault.jpg\" data-img-src-set=\"{&quot;120&quot;:&quot;https:\\\/\\\/i.ytimg.com\\\/vi\\\/d0ocpzfkMFI\\\/default.jpg&quot;,&quot;320&quot;:&quot;https:\\\/\\\/i.ytimg.com\\\/vi\\\/d0ocpzfkMFI\\\/mqdefault.jpg&quot;,&quot;480&quot;:&quot;https:\\\/\\\/i.ytimg.com\\\/vi\\\/d0ocpzfkMFI\\\/hqdefault.jpg&quot;,&quot;640&quot;:&quot;https:\\\/\\\/i.ytimg.com\\\/vi\\\/d0ocpzfkMFI\\\/sddefault.jpg&quot;}\" data-video-id=\"d0ocpzfkMFI\" data-user=\"Clear Round Company\" data-url=\"https:\/\/www.youtube.com\/watch?v=d0ocpzfkMFI\" data-avatar=\"\" data-title=\"Discover Tess Van&#039;t Eshoult a 6 years old mare by Orak d&#039;Hamwyck. &lt;br \/&gt;\n&lt;br \/&gt;\nFor more informations about this horse contact Clear Round Company : &lt;br \/&gt;\n\ud83d\udcf2 +33 6 83 15 62 17\" data-video-title=\"Tess Van&#039;t Eshoult \/\/ 6 yo \/\/ ORAK D&#039;HAMWYCK presented by Clear Round Company - CROC\" data-channel-id=\"UCWXL77MuHnGzNi4o2Bkossw\" data-views=\"111 Vues\" data-published-date=\"1750662730\" data-formatted-published-date=\"June 23, 2025 7:12 am\" data-comment-count=\"0\">\n                <img decoding=\"async\" src=\"https:\/\/clearroundcompany.com\/wp-content\/plugins\/youtube-feed-pro\/img\/placeholder.png\" alt=\"Discover Tess Van&#039;t Eshoult a 6 years old mare by Orak d&#039;Hamwyck. \n\nFor more informations about this horse contact Clear Round Company : \n\ud83d\udcf2 +33 6 83 15 62 17\">\n                \n                <div class=\"sby_thumbnail_hover sby_item_video_thumbnail_hover\">\n                    <div class=\"sby_thumbnail_hover_inner\">\n                                                    <span class=\"sby_video_title\" >Tess Van&#039;t Eshoult \/\/ 6 yo \/\/ ORAK D&#039;HAMWYCK presented by Clear Round Company - CROC<\/span>\n                        \n                        \n                        \n                        \n                                            <\/div>\n                <\/div>\n\n                <span class=\"sby-screenreader\">YouTube Video UExydnlfdXo3YUtfMUxqVi1nTm1XLWRuX2wxU1lGcGlqbS4yODlGNEE0NkRGMEEzMEQy<\/span>\n                                    <div class=\"sby_play_btn\" >\n                        <span class=\"sby_play_btn_bg\"><\/span>\n                    <svg aria-hidden=\"true\" focusable=\"false\" data-prefix=\"fab\" data-icon=\"youtube\" role=\"img\" xmlns=\"http:\/\/www.w3.org\/2000\/svg\" viewBox=\"0 0 576 512\" class=\"svg-inline--fa fa-youtube fa-w-18\"><path fill=\"currentColor\" d=\"M549.655 124.083c-6.281-23.65-24.787-42.276-48.284-48.597C458.781 64 288 64 288 64S117.22 64 74.629 75.486c-23.497 6.322-42.003 24.947-48.284 48.597-11.412 42.867-11.412 132.305-11.412 132.305s0 89.438 11.412 132.305c6.281 23.65 24.787 41.5 48.284 47.821C117.22 448 288 448 288 448s170.78 0 213.371-11.486c23.497-6.321 42.003-24.171 48.284-47.821 11.412-42.867 11.412-132.305 11.412-132.305s0-89.438-11.412-132.305zm-317.51 213.508V175.185l142.739 81.205-142.739 81.201z\" class=\"\"><\/path><\/svg>                    <\/div>\n                                <span class=\"sby_loader sby_hidden\" style=\"background-color: rgb(255, 255, 255);\"><\/span>\n            <\/a>\n\n            \n        <\/div>\n\n        \n<div class=\"sby_info sby_info_item\">\n\t<div class=\"sby-video-info-bottom sby-comments-enabled\">\n\t\t<div class=\"sby-video-info\">\n\t\t\t\t\t\t\t<p class=\"sby_video_title_wrap\" >\n\t\t\t\t\t<span class=\"sby_video_title\">Tess Van&#039;t Eshoult \/\/ 6 yo \/\/ ORAK D&#039;HAMWYCK presented by Clear Round Company - CROC<\/span>\n\t\t\t\t<\/p>\n\t\t\t\n\t\t\t\t\t\t\t<p class=\"sby_meta\" >\n\t\t\t\t\t\t\t\t\t\t\t\t\t\t\t\t\t\t\t\t\t<span class=\"sby_date_wrap\" >\n\t\t\t\t\t\t\t<span class=\"sby_date sby_live_broadcast_type_none\">June 23, 2025 7:12 am<\/span>\n\t\t\t\t\t\t<\/span>\n\t\t\t\t\t\t\t\t\t<\/p>\n\t\t\t\n\t\t\t\n\t\t\t\n\t\t\t\t\t<\/div>\n\n\t\t\t\t\t\t\t\t<\/div>\n<\/div>    <\/div>\n<\/div>    <\/div>\n    \n\t<div class=\"sby_footer\">\n\n\n    <span \n        class=\"sby_follow_btn\" \n            >\n        <a href=\"https:\/\/www.youtube.com\/channel\/UCWXL77MuHnGzNi4o2Bkossw\/\" target=\"_blank\" rel=\"noopener\">\n            <svg aria-hidden=\"true\" focusable=\"false\" data-prefix=\"fab\" data-icon=\"youtube\" role=\"img\" xmlns=\"http:\/\/www.w3.org\/2000\/svg\" viewBox=\"0 0 576 512\" class=\"svg-inline--fa fa-youtube fa-w-18\"><path fill=\"currentColor\" d=\"M549.655 124.083c-6.281-23.65-24.787-42.276-48.284-48.597C458.781 64 288 64 288 64S117.22 64 74.629 75.486c-23.497 6.322-42.003 24.947-48.284 48.597-11.412 42.867-11.412 132.305-11.412 132.305s0 89.438 11.412 132.305c6.281 23.65 24.787 41.5 48.284 47.821C117.22 448 288 448 288 448s170.78 0 213.371-11.486c23.497-6.321 42.003-24.171 48.284-47.821 11.412-42.867 11.412-132.305 11.412-132.305s0-89.438-11.412-132.305zm-317.51 213.508V175.185l142.739 81.205-142.739 81.201z\" class=\"\"><\/path><\/svg>            <span  >\n                S&#039;abonner            <\/span>\n        <\/a>\n    <\/span>\n<\/div>\n    <div class=\"sby_cta_items_wraps sby_cta_wrap\">\n\t<div class=\"sby_cta_inner_wrap\">\n\n\t<\/div>\n<\/div>\n\n\t\n<\/div>\n\n<style type=\"text\/css\">body #sb_youtube_sbyPLrvySYFpijm9 .sby_caption_wrap .sby_caption { font-size: 13px !important}body #sb_youtube_sbyPLrvySYFpijm9 .sby_follow_btn a:hover { box-shadow:inset 0 0 10px 20px rgb(255, 255, 255, .25) !important}body #sb_youtube_sbyPLrvySYFpijm9[data-videostyle=boxed] .sby_items_wrap .sby_item .sby_inner_item { background-color: #ffffff !important}<\/style><\/div>\n\t\t\t\t\t\t<\/div>\n\t\t\t\t<\/div>\n\t\t\t\t\t<\/div>\n\t\t\t\t<\/div>\n\t\t\t\t<\/div>\n\t\t","protected":false},"excerpt":{"rendered":"<p>Tess Van&rsquo;t Elshout Nom : TESS VAN&rsquo;T ELSHOUT Origine : ORAK D&rsquo;HAMWYCK (SCUDERIA 1918 TOBAGO Z) Sexe : Jument Taille : 1m66 Ann\u00e9e de naissance : 2019 R\u00e9sultats FEI R\u00e9sultats FFE VIDEOS<\/p>","protected":false},"author":1,"featured_media":4248,"parent":0,"menu_order":0,"comment_status":"closed","ping_status":"closed","template":"","meta":{"_monsterinsights_skip_tracking":false,"_monsterinsights_sitenote_active":false,"_monsterinsights_sitenote_note":"","_monsterinsights_sitenote_category":0,"footnotes":""},"class_list":["post-4021","page","type-page","status-publish","has-post-thumbnail","hentry"],"_links":{"self":[{"href":"https:\/\/clearroundcompany.com\/en\/wp-json\/wp\/v2\/pages\/4021","targetHints":{"allow":["GET"]}}],"collection":[{"href":"https:\/\/clearroundcompany.com\/en\/wp-json\/wp\/v2\/pages"}],"about":[{"href":"https:\/\/clearroundcompany.com\/en\/wp-json\/wp\/v2\/types\/page"}],"author":[{"embeddable":true,"href":"https:\/\/clearroundcompany.com\/en\/wp-json\/wp\/v2\/users\/1"}],"replies":[{"embeddable":true,"href":"https:\/\/clearroundcompany.com\/en\/wp-json\/wp\/v2\/comments?post=4021"}],"version-history":[{"count":22,"href":"https:\/\/clearroundcompany.com\/en\/wp-json\/wp\/v2\/pages\/4021\/revisions"}],"predecessor-version":[{"id":4803,"href":"https:\/\/clearroundcompany.com\/en\/wp-json\/wp\/v2\/pages\/4021\/revisions\/4803"}],"wp:featuredmedia":[{"embeddable":true,"href":"https:\/\/clearroundcompany.com\/en\/wp-json\/wp\/v2\/media\/4248"}],"wp:attachment":[{"href":"https:\/\/clearroundcompany.com\/en\/wp-json\/wp\/v2\/media?parent=4021"}],"curies":[{"name":"wp","href":"https:\/\/api.w.org\/{rel}","templated":true}]}}