{"id":4184,"date":"2025-12-07T16:25:48","date_gmt":"2025-12-07T16:25:48","guid":{"rendered":"https:\/\/clearroundcompany.com\/?page_id=4184"},"modified":"2026-04-08T07:31:30","modified_gmt":"2026-04-08T07:31:30","slug":"ultra-easy-m","status":"publish","type":"page","link":"https:\/\/clearroundcompany.com\/en\/ultra-easy-m\/","title":{"rendered":"Ultra Easy M"},"content":{"rendered":"\t\t<div data-elementor-type=\"wp-page\" data-elementor-id=\"4184\" class=\"elementor elementor-4184\" data-elementor-post-type=\"page\">\n\t\t\t\t<div class=\"elementor-element elementor-element-f9c51be e-flex e-con-boxed e-con e-parent\" data-id=\"f9c51be\" data-element_type=\"container\" data-e-type=\"container\">\n\t\t\t\t\t<div class=\"e-con-inner\">\n\t\t\t\t<div class=\"elementor-element elementor-element-6aba17a elementor-invisible elementor-widget elementor-widget-heading\" data-id=\"6aba17a\" data-element_type=\"widget\" data-e-type=\"widget\" data-settings=\"{&quot;_animation&quot;:&quot;fadeInRight&quot;}\" data-widget_type=\"heading.default\">\n\t\t\t\t<div class=\"elementor-widget-container\">\n\t\t\t\t\t<h2 class=\"elementor-heading-title elementor-size-default\">Ultra Easy M<\/h2>\t\t\t\t<\/div>\n\t\t\t\t<\/div>\n\t\t\t\t\t<\/div>\n\t\t\t\t<\/div>\n\t\t<div class=\"elementor-element elementor-element-2cd827a e-flex e-con-boxed e-con e-parent\" data-id=\"2cd827a\" data-element_type=\"container\" data-e-type=\"container\">\n\t\t\t\t\t<div class=\"e-con-inner\">\n\t\t\t\t<div class=\"elementor-element elementor-element-45a0aac elementor-invisible elementor-widget elementor-widget-image\" data-id=\"45a0aac\" data-element_type=\"widget\" data-e-type=\"widget\" data-settings=\"{&quot;_animation&quot;:&quot;slideInUp&quot;}\" data-widget_type=\"image.default\">\n\t\t\t\t<div class=\"elementor-widget-container\">\n\t\t\t\t\t\t\t\t\t\t\t\t\t\t\t<img fetchpriority=\"high\" decoding=\"async\" width=\"2560\" height=\"1704\" src=\"https:\/\/clearroundcompany.com\/wp-content\/uploads\/2026\/04\/SST_5504-scaled.jpg\" class=\"attachment-full size-full wp-image-4817\" alt=\"Ultra Easy M hongre pr\u00e9sent\u00e9 par Clear Round Company\" srcset=\"https:\/\/clearroundcompany.com\/wp-content\/uploads\/2026\/04\/SST_5504-scaled.jpg 2560w, https:\/\/clearroundcompany.com\/wp-content\/uploads\/2026\/04\/SST_5504-300x200.jpg 300w, https:\/\/clearroundcompany.com\/wp-content\/uploads\/2026\/04\/SST_5504-1024x681.jpg 1024w, https:\/\/clearroundcompany.com\/wp-content\/uploads\/2026\/04\/SST_5504-768x511.jpg 768w, https:\/\/clearroundcompany.com\/wp-content\/uploads\/2026\/04\/SST_5504-1536x1022.jpg 1536w, https:\/\/clearroundcompany.com\/wp-content\/uploads\/2026\/04\/SST_5504-2048x1363.jpg 2048w, https:\/\/clearroundcompany.com\/wp-content\/uploads\/2026\/04\/SST_5504-18x12.jpg 18w\" sizes=\"(max-width: 2560px) 100vw, 2560px\" \/>\t\t\t\t\t\t\t\t\t\t\t\t\t\t\t<\/div>\n\t\t\t\t<\/div>\n\t\t\t\t\t<\/div>\n\t\t\t\t<\/div>\n\t\t<div class=\"elementor-element elementor-element-0446d93 e-con-full e-flex elementor-invisible e-con e-child\" data-id=\"0446d93\" data-element_type=\"container\" data-e-type=\"container\" data-settings=\"{&quot;animation&quot;:&quot;slideInUp&quot;,&quot;shape_divider_top&quot;:&quot;opacity-fan&quot;,&quot;shape_divider_bottom&quot;:&quot;opacity-fan&quot;}\">\n\t\t\t\t<div class=\"elementor-shape elementor-shape-top\" aria-hidden=\"true\" data-negative=\"false\">\n\t\t\t<svg xmlns=\"http:\/\/www.w3.org\/2000\/svg\" viewBox=\"0 0 283.5 19.6\" preserveAspectRatio=\"none\">\n\t<path class=\"elementor-shape-fill\" style=\"opacity:0.33\" d=\"M0 0L0 18.8 141.8 4.1 283.5 18.8 283.5 0z\"\/>\n\t<path class=\"elementor-shape-fill\" style=\"opacity:0.33\" d=\"M0 0L0 12.6 141.8 4 283.5 12.6 283.5 0z\"\/>\n\t<path class=\"elementor-shape-fill\" style=\"opacity:0.33\" d=\"M0 0L0 6.4 141.8 4 283.5 6.4 283.5 0z\"\/>\n\t<path class=\"elementor-shape-fill\" d=\"M0 0L0 1.2 141.8 4 283.5 1.2 283.5 0z\"\/>\n<\/svg>\t\t<\/div>\n\t\t\t\t<div class=\"elementor-shape elementor-shape-bottom\" aria-hidden=\"true\" data-negative=\"false\">\n\t\t\t<svg xmlns=\"http:\/\/www.w3.org\/2000\/svg\" viewBox=\"0 0 283.5 19.6\" preserveAspectRatio=\"none\">\n\t<path class=\"elementor-shape-fill\" style=\"opacity:0.33\" d=\"M0 0L0 18.8 141.8 4.1 283.5 18.8 283.5 0z\"\/>\n\t<path class=\"elementor-shape-fill\" style=\"opacity:0.33\" d=\"M0 0L0 12.6 141.8 4 283.5 12.6 283.5 0z\"\/>\n\t<path class=\"elementor-shape-fill\" style=\"opacity:0.33\" d=\"M0 0L0 6.4 141.8 4 283.5 6.4 283.5 0z\"\/>\n\t<path class=\"elementor-shape-fill\" d=\"M0 0L0 1.2 141.8 4 283.5 1.2 283.5 0z\"\/>\n<\/svg>\t\t<\/div>\n\t\t\t\t<div class=\"elementor-element elementor-element-207fefa elementor-widget elementor-widget-text-editor\" data-id=\"207fefa\" data-element_type=\"widget\" data-e-type=\"widget\" data-widget_type=\"text-editor.default\">\n\t\t\t\t<div class=\"elementor-widget-container\">\n\t\t\t\t\t\t\t\t\t<p>Nom : ULTRA EASY M<\/p>\t\t\t\t\t\t\t\t<\/div>\n\t\t\t\t<\/div>\n\t\t\t\t<div class=\"elementor-element elementor-element-1873f67 elementor-widget elementor-widget-text-editor\" data-id=\"1873f67\" data-element_type=\"widget\" data-e-type=\"widget\" data-widget_type=\"text-editor.default\">\n\t\t\t\t<div class=\"elementor-widget-container\">\n\t\t\t\t\t\t\t\t\t<p>Origine : EL BARONE 111 Z<\/p>\t\t\t\t\t\t\t\t<\/div>\n\t\t\t\t<\/div>\n\t\t\t\t<div class=\"elementor-element elementor-element-ec8f21a elementor-widget elementor-widget-text-editor\" data-id=\"ec8f21a\" data-element_type=\"widget\" data-e-type=\"widget\" data-widget_type=\"text-editor.default\">\n\t\t\t\t<div class=\"elementor-widget-container\">\n\t\t\t\t\t\t\t\t\t<p>Sexe : Hongre<\/p>\t\t\t\t\t\t\t\t<\/div>\n\t\t\t\t<\/div>\n\t\t\t\t<div class=\"elementor-element elementor-element-b5a7ad9 elementor-widget elementor-widget-text-editor\" data-id=\"b5a7ad9\" data-element_type=\"widget\" data-e-type=\"widget\" data-widget_type=\"text-editor.default\">\n\t\t\t\t<div class=\"elementor-widget-container\">\n\t\t\t\t\t\t\t\t\t<p>Taille : 1m68<\/p>\t\t\t\t\t\t\t\t<\/div>\n\t\t\t\t<\/div>\n\t\t\t\t<div class=\"elementor-element elementor-element-fc4cda1 elementor-widget elementor-widget-text-editor\" data-id=\"fc4cda1\" data-element_type=\"widget\" data-e-type=\"widget\" data-widget_type=\"text-editor.default\">\n\t\t\t\t<div class=\"elementor-widget-container\">\n\t\t\t\t\t\t\t\t\t<p>Ann\u00e9e de naissance : 2020<\/p>\t\t\t\t\t\t\t\t<\/div>\n\t\t\t\t<\/div>\n\t\t<div class=\"elementor-element elementor-element-cb290fb e-grid e-con-boxed e-con e-child\" data-id=\"cb290fb\" data-element_type=\"container\" data-e-type=\"container\">\n\t\t\t\t\t<div class=\"e-con-inner\">\n\t\t\t\t<div class=\"elementor-element elementor-element-0117799 elementor-align-center elementor-widget elementor-widget-button\" data-id=\"0117799\" data-element_type=\"widget\" data-e-type=\"widget\" data-settings=\"{&quot;_animation_mobile&quot;:&quot;fadeInRight&quot;}\" data-widget_type=\"button.default\">\n\t\t\t\t<div class=\"elementor-widget-container\">\n\t\t\t\t\t\t\t\t\t<div class=\"elementor-button-wrapper\">\n\t\t\t\t\t<a class=\"elementor-button elementor-button-link elementor-size-sm\" href=\"https:\/\/data.fei.org\/Horse\/Performance.aspx?p=C1DF5CEC3B158B45619421425CDDAE75\" target=\"_blank\" rel=\"noopener\">\n\t\t\t\t\t\t<span class=\"elementor-button-content-wrapper\">\n\t\t\t\t\t\t\t\t\t<span class=\"elementor-button-text\">R\u00e9sultats FEI<\/span>\n\t\t\t\t\t<\/span>\n\t\t\t\t\t<\/a>\n\t\t\t\t<\/div>\n\t\t\t\t\t\t\t\t<\/div>\n\t\t\t\t<\/div>\n\t\t\t\t<div class=\"elementor-element elementor-element-f81695d elementor-align-center elementor-widget elementor-widget-button\" data-id=\"f81695d\" data-element_type=\"widget\" data-e-type=\"widget\" data-settings=\"{&quot;_animation_mobile&quot;:&quot;fadeInRight&quot;}\" data-widget_type=\"button.default\">\n\t\t\t\t<div class=\"elementor-widget-container\">\n\t\t\t\t\t\t\t\t\t<div class=\"elementor-button-wrapper\">\n\t\t\t\t\t<a class=\"elementor-button elementor-button-link elementor-size-sm\" href=\"https:\/\/ffecompet.ffe.com\/cheval\/TmpBd056RTNOemhMV1hqelVGY3NhUT09#performances\" target=\"_blank\" rel=\"noopener\">\n\t\t\t\t\t\t<span class=\"elementor-button-content-wrapper\">\n\t\t\t\t\t\t\t\t\t<span class=\"elementor-button-text\">R\u00e9sultats FFE<\/span>\n\t\t\t\t\t<\/span>\n\t\t\t\t\t<\/a>\n\t\t\t\t<\/div>\n\t\t\t\t\t\t\t\t<\/div>\n\t\t\t\t<\/div>\n\t\t\t\t<div class=\"elementor-element elementor-element-699bc2f elementor-align-center elementor-widget elementor-widget-button\" data-id=\"699bc2f\" data-element_type=\"widget\" data-e-type=\"widget\" data-widget_type=\"button.default\">\n\t\t\t\t<div class=\"elementor-widget-container\">\n\t\t\t\t\t\t\t\t\t<div class=\"elementor-button-wrapper\">\n\t\t\t\t\t<a class=\"elementor-button elementor-button-link elementor-size-sm\" href=\"https:\/\/www.youtube.https:\/\/youtu.be\/TSVxCjZTI7ocom\/watch?v=ljbSnGCEWxg&#038;list=PLrvy_uz7aK_38U0svaRBJC1R3ALY_lB0E\" target=\"_blank\" rel=\"noopener\">\n\t\t\t\t\t\t<span class=\"elementor-button-content-wrapper\">\n\t\t\t\t\t\t\t\t\t<span class=\"elementor-button-text\">VIDEOS<\/span>\n\t\t\t\t\t<\/span>\n\t\t\t\t\t<\/a>\n\t\t\t\t<\/div>\n\t\t\t\t\t\t\t\t<\/div>\n\t\t\t\t<\/div>\n\t\t\t\t\t<\/div>\n\t\t\t\t<\/div>\n\t\t\t\t<\/div>\n\t\t<div class=\"elementor-element elementor-element-3b330d8 e-flex e-con-boxed e-con e-parent\" data-id=\"3b330d8\" data-element_type=\"container\" data-e-type=\"container\">\n\t\t\t\t\t<div class=\"e-con-inner\">\n\t\t\t\t<div class=\"elementor-element elementor-element-f46b7fa elementor-widget elementor-widget-shortcode\" data-id=\"f46b7fa\" data-element_type=\"widget\" data-e-type=\"widget\" data-widget_type=\"shortcode.default\">\n\t\t\t\t<div class=\"elementor-widget-container\">\n\t\t\t\t\t\t\t<div class=\"elementor-shortcode\">\n\n<div id=\"sb_youtube_sbyPLrvypd2bYUF9\" \n\t class=\"sb_youtube sby_layout_grid sby_col_3 sby_mob_col_1 sby_palette_inherit  sby_width_resp\" \n\tdata-feedid=\"sby_PLrvy_pd2bYUF#9\" \n\tdata-shortcode-atts=\"{&quot;feed&quot;:&quot;15&quot;}\" \n\tdata-cols=\"3\" \n\tdata-colsmobile=\"1\" \n\tdata-num=\"9\" \n\tdata-nummobile=\"9\" \n\t\tdata-subscribe-btn=\"1\" \n\tdata-subscribe-btn-text=\"S&#039;abonner\" \n\tdata_channel_header_colors =\"{&quot;channelName&quot;:&quot;&quot;,&quot;subscribeCount&quot;:&quot;&quot;,&quot;buttonBackground&quot;:&quot;&quot;,&quot;buttonText&quot;:&quot;&quot;}\"\n\t data-options=\"{&quot;cta&quot;:{&quot;type&quot;:&quot;related&quot;,&quot;defaultPosts&quot;:[],&quot;defaultLink&quot;:&quot;&quot;,&quot;defaultText&quot;:&quot;En savoir plus&quot;,&quot;openType&quot;:&quot;same&quot;,&quot;color&quot;:&quot;&quot;,&quot;textColor&quot;:&quot;&quot;},&quot;descriptionlength&quot;:150}\" data-sby-flags=\"resizeDisable\" data-postid=\"4184\" data-sby-supports-lightbox=\"1\" \n\t data-videocardlayout=\"vertical\" \n>\n\t        <div class=\"sby_items_wrap\" style=\"padding: 5px;\">\n\t\t<div class=\"sby_item  sby_new sby_transition\" id=\"sby_UExydnlfdXo3YUtfMlhTbGhPSl9WcFk2YWU5cGQyYllVRi4yODlGNEE0NkRGMEEzMEQy\" data-date=\"1774202239\" data-video-id=\"FGvZd7gTeyE\" data-video-title=\"Ultra Easy M \/\/ El Barone 111 X Naktibro - Arezzo Toscana Tour 26 - 1M20\" data-live-date=\"0\" data-channel-id=\"UCWXL77MuHnGzNi4o2Bkossw\" >\n    <div class=\"sby_inner_item\">\n        <div class=\"sby_video_thumbnail_wrap sby_item_video_thumbnail_wrap\">\n            <a class=\"sby_video_thumbnail sby_item_video_thumbnail\" style=\"background-image:url(https:\/\/clearroundcompany.com\/wp-content\/plugins\/youtube-feed-pro\/img\/placeholder.png)\" href=\"https:\/\/www.youtube.com\/watch?v=FGvZd7gTeyE\" target=\"_blank\" rel=\"noopener\" data-full-res=\"https:\/\/i.ytimg.com\/vi\/FGvZd7gTeyE\/maxresdefault.jpg\" data-img-src-set=\"{&quot;120&quot;:&quot;https:\\\/\\\/i.ytimg.com\\\/vi\\\/FGvZd7gTeyE\\\/default.jpg&quot;,&quot;320&quot;:&quot;https:\\\/\\\/i.ytimg.com\\\/vi\\\/FGvZd7gTeyE\\\/mqdefault.jpg&quot;,&quot;480&quot;:&quot;https:\\\/\\\/i.ytimg.com\\\/vi\\\/FGvZd7gTeyE\\\/hqdefault.jpg&quot;,&quot;640&quot;:&quot;https:\\\/\\\/i.ytimg.com\\\/vi\\\/FGvZd7gTeyE\\\/sddefault.jpg&quot;}\" data-video-id=\"FGvZd7gTeyE\" data-user=\"Clear Round Company\" data-url=\"https:\/\/www.youtube.com\/watch?v=FGvZd7gTeyE\" data-avatar=\"\" data-title=\"\" data-video-title=\"Ultra Easy M \/\/ El Barone 111 X Naktibro - Arezzo Toscana Tour 26 - 1M20\" data-channel-id=\"UCWXL77MuHnGzNi4o2Bkossw\" data-views=\"14 Vues\" data-published-date=\"1774202239\" data-formatted-published-date=\"March 22, 2026 5:57 pm\" data-comment-count=\"0\">\n                <img decoding=\"async\" src=\"https:\/\/clearroundcompany.com\/wp-content\/plugins\/youtube-feed-pro\/img\/placeholder.png\" alt=\"\">\n                \n                <div class=\"sby_thumbnail_hover sby_item_video_thumbnail_hover\">\n                    <div class=\"sby_thumbnail_hover_inner\">\n                                                    <span class=\"sby_video_title\" >Ultra Easy M \/\/ El Barone 111 X Naktibro - Arezzo Toscana Tour 26 - 1M20<\/span>\n                        \n                        \n                        \n                        \n                                            <\/div>\n                <\/div>\n\n                <span class=\"sby-screenreader\">YouTube Video UExydnlfdXo3YUtfMlhTbGhPSl9WcFk2YWU5cGQyYllVRi4yODlGNEE0NkRGMEEzMEQy<\/span>\n                                    <div class=\"sby_play_btn\" >\n                        <span class=\"sby_play_btn_bg\"><\/span>\n                    <svg aria-hidden=\"true\" focusable=\"false\" data-prefix=\"fab\" data-icon=\"youtube\" role=\"img\" xmlns=\"http:\/\/www.w3.org\/2000\/svg\" viewBox=\"0 0 576 512\" class=\"svg-inline--fa fa-youtube fa-w-18\"><path fill=\"currentColor\" d=\"M549.655 124.083c-6.281-23.65-24.787-42.276-48.284-48.597C458.781 64 288 64 288 64S117.22 64 74.629 75.486c-23.497 6.322-42.003 24.947-48.284 48.597-11.412 42.867-11.412 132.305-11.412 132.305s0 89.438 11.412 132.305c6.281 23.65 24.787 41.5 48.284 47.821C117.22 448 288 448 288 448s170.78 0 213.371-11.486c23.497-6.321 42.003-24.171 48.284-47.821 11.412-42.867 11.412-132.305 11.412-132.305s0-89.438-11.412-132.305zm-317.51 213.508V175.185l142.739 81.205-142.739 81.201z\" class=\"\"><\/path><\/svg>                    <\/div>\n                                <span class=\"sby_loader sby_hidden\" style=\"background-color: rgb(255, 255, 255);\"><\/span>\n            <\/a>\n\n            \n        <\/div>\n\n        \n<div class=\"sby_info sby_info_item\">\n\t<div class=\"sby-video-info-bottom sby-comments-enabled\">\n\t\t<div class=\"sby-video-info\">\n\t\t\t\t\t\t\t<p class=\"sby_video_title_wrap\" >\n\t\t\t\t\t<span class=\"sby_video_title\">Ultra Easy M \/\/ El Barone 111 X Naktibro - Arezzo Toscana Tour 26 - 1M20<\/span>\n\t\t\t\t<\/p>\n\t\t\t\n\t\t\t\t\t\t\t<p class=\"sby_meta\" >\n\t\t\t\t\t\t\t\t\t\t\t\t\t\t\t\t\t\t\t\t\t<span class=\"sby_date_wrap\" >\n\t\t\t\t\t\t\t<span class=\"sby_date sby_live_broadcast_type_none\">March 22, 2026 5:57 pm<\/span>\n\t\t\t\t\t\t<\/span>\n\t\t\t\t\t\t\t\t\t<\/p>\n\t\t\t\n\t\t\t\n\t\t\t\n\t\t\t\t\t<\/div>\n\n\t\t\t\t\t\t\t\t<\/div>\n<\/div>    <\/div>\n<\/div>    <\/div>\n    \n\t<div class=\"sby_footer\">\n\n\n    <span \n        class=\"sby_follow_btn\" \n            >\n        <a href=\"https:\/\/www.youtube.com\/channel\/UCWXL77MuHnGzNi4o2Bkossw\/\" target=\"_blank\" rel=\"noopener\">\n            <svg aria-hidden=\"true\" focusable=\"false\" data-prefix=\"fab\" data-icon=\"youtube\" role=\"img\" xmlns=\"http:\/\/www.w3.org\/2000\/svg\" viewBox=\"0 0 576 512\" class=\"svg-inline--fa fa-youtube fa-w-18\"><path fill=\"currentColor\" d=\"M549.655 124.083c-6.281-23.65-24.787-42.276-48.284-48.597C458.781 64 288 64 288 64S117.22 64 74.629 75.486c-23.497 6.322-42.003 24.947-48.284 48.597-11.412 42.867-11.412 132.305-11.412 132.305s0 89.438 11.412 132.305c6.281 23.65 24.787 41.5 48.284 47.821C117.22 448 288 448 288 448s170.78 0 213.371-11.486c23.497-6.321 42.003-24.171 48.284-47.821 11.412-42.867 11.412-132.305 11.412-132.305s0-89.438-11.412-132.305zm-317.51 213.508V175.185l142.739 81.205-142.739 81.201z\" class=\"\"><\/path><\/svg>            <span  >\n                S&#039;abonner            <\/span>\n        <\/a>\n    <\/span>\n<\/div>\n    <div class=\"sby_cta_items_wraps sby_cta_wrap\">\n\t<div class=\"sby_cta_inner_wrap\">\n\n\t<\/div>\n<\/div>\n\n\t\n<\/div>\n\n<style type=\"text\/css\">body #sb_youtube_sbyPLrvypd2bYUF9 .sby_caption_wrap .sby_caption { font-size: 13px !important}body #sb_youtube_sbyPLrvypd2bYUF9 .sby_follow_btn a:hover { box-shadow:inset 0 0 10px 20px rgb(255, 255, 255, .25) !important}body #sb_youtube_sbyPLrvypd2bYUF9[data-videostyle=boxed] .sby_items_wrap .sby_item .sby_inner_item { background-color: #ffffff !important}<\/style><\/div>\n\t\t\t\t\t\t<\/div>\n\t\t\t\t<\/div>\n\t\t\t\t\t<\/div>\n\t\t\t\t<\/div>\n\t\t\t\t<\/div>\n\t\t","protected":false},"excerpt":{"rendered":"<p>Ultra Easy M Nom : ULTRA EASY M Origine : EL BARONE 111 Z Sexe : Hongre Taille : 1m68 Ann\u00e9e de naissance : 2020 R\u00e9sultats FEI R\u00e9sultats FFE VIDEOS<\/p>","protected":false},"author":1,"featured_media":4093,"parent":0,"menu_order":0,"comment_status":"closed","ping_status":"closed","template":"","meta":{"_monsterinsights_skip_tracking":false,"_monsterinsights_sitenote_active":false,"_monsterinsights_sitenote_note":"","_monsterinsights_sitenote_category":0,"footnotes":""},"class_list":["post-4184","page","type-page","status-publish","has-post-thumbnail","hentry"],"_links":{"self":[{"href":"https:\/\/clearroundcompany.com\/en\/wp-json\/wp\/v2\/pages\/4184","targetHints":{"allow":["GET"]}}],"collection":[{"href":"https:\/\/clearroundcompany.com\/en\/wp-json\/wp\/v2\/pages"}],"about":[{"href":"https:\/\/clearroundcompany.com\/en\/wp-json\/wp\/v2\/types\/page"}],"author":[{"embeddable":true,"href":"https:\/\/clearroundcompany.com\/en\/wp-json\/wp\/v2\/users\/1"}],"replies":[{"embeddable":true,"href":"https:\/\/clearroundcompany.com\/en\/wp-json\/wp\/v2\/comments?post=4184"}],"version-history":[{"count":16,"href":"https:\/\/clearroundcompany.com\/en\/wp-json\/wp\/v2\/pages\/4184\/revisions"}],"predecessor-version":[{"id":4820,"href":"https:\/\/clearroundcompany.com\/en\/wp-json\/wp\/v2\/pages\/4184\/revisions\/4820"}],"wp:featuredmedia":[{"embeddable":true,"href":"https:\/\/clearroundcompany.com\/en\/wp-json\/wp\/v2\/media\/4093"}],"wp:attachment":[{"href":"https:\/\/clearroundcompany.com\/en\/wp-json\/wp\/v2\/media?parent=4184"}],"curies":[{"name":"wp","href":"https:\/\/api.w.org\/{rel}","templated":true}]}}