{"id":4275,"date":"2026-01-27T16:19:28","date_gmt":"2026-01-27T16:19:28","guid":{"rendered":"https:\/\/clearroundcompany.com\/?page_id=4275"},"modified":"2026-04-08T07:28:20","modified_gmt":"2026-04-08T07:28:20","slug":"lutecia-de-saintex","status":"publish","type":"page","link":"https:\/\/clearroundcompany.com\/en\/lutecia-de-saintex\/","title":{"rendered":"Lutecia de Saint&rsquo;Ex"},"content":{"rendered":"\t\t<div data-elementor-type=\"wp-page\" data-elementor-id=\"4275\" class=\"elementor elementor-4275\" data-elementor-post-type=\"page\">\n\t\t\t\t<div class=\"elementor-element elementor-element-7c7d763 e-flex e-con-boxed e-con e-parent\" data-id=\"7c7d763\" data-element_type=\"container\" data-e-type=\"container\">\n\t\t\t\t\t<div class=\"e-con-inner\">\n\t\t\t\t<div class=\"elementor-element elementor-element-d6ea01e elementor-invisible elementor-widget elementor-widget-heading\" data-id=\"d6ea01e\" data-element_type=\"widget\" data-e-type=\"widget\" data-settings=\"{&quot;_animation&quot;:&quot;fadeInRight&quot;}\" data-widget_type=\"heading.default\">\n\t\t\t\t<div class=\"elementor-widget-container\">\n\t\t\t\t\t<h2 class=\"elementor-heading-title elementor-size-default\">Lutecia de Saint'Ex<\/h2>\t\t\t\t<\/div>\n\t\t\t\t<\/div>\n\t\t\t\t\t<\/div>\n\t\t\t\t<\/div>\n\t\t<div class=\"elementor-element elementor-element-12eef57 e-flex e-con-boxed e-con e-parent\" data-id=\"12eef57\" data-element_type=\"container\" data-e-type=\"container\">\n\t\t\t\t\t<div class=\"e-con-inner\">\n\t\t\t\t\t<\/div>\n\t\t\t\t<\/div>\n\t\t<div class=\"elementor-element elementor-element-adc5795 e-con-full e-flex elementor-invisible e-con e-child\" data-id=\"adc5795\" data-element_type=\"container\" data-e-type=\"container\" data-settings=\"{&quot;animation&quot;:&quot;slideInUp&quot;,&quot;shape_divider_top&quot;:&quot;opacity-fan&quot;,&quot;shape_divider_bottom&quot;:&quot;opacity-fan&quot;}\">\n\t\t\t\t<div class=\"elementor-shape elementor-shape-top\" aria-hidden=\"true\" data-negative=\"false\">\n\t\t\t<svg xmlns=\"http:\/\/www.w3.org\/2000\/svg\" viewBox=\"0 0 283.5 19.6\" preserveAspectRatio=\"none\">\n\t<path class=\"elementor-shape-fill\" style=\"opacity:0.33\" d=\"M0 0L0 18.8 141.8 4.1 283.5 18.8 283.5 0z\"\/>\n\t<path class=\"elementor-shape-fill\" style=\"opacity:0.33\" d=\"M0 0L0 12.6 141.8 4 283.5 12.6 283.5 0z\"\/>\n\t<path class=\"elementor-shape-fill\" style=\"opacity:0.33\" d=\"M0 0L0 6.4 141.8 4 283.5 6.4 283.5 0z\"\/>\n\t<path class=\"elementor-shape-fill\" d=\"M0 0L0 1.2 141.8 4 283.5 1.2 283.5 0z\"\/>\n<\/svg>\t\t<\/div>\n\t\t\t\t<div class=\"elementor-shape elementor-shape-bottom\" aria-hidden=\"true\" data-negative=\"false\">\n\t\t\t<svg xmlns=\"http:\/\/www.w3.org\/2000\/svg\" viewBox=\"0 0 283.5 19.6\" preserveAspectRatio=\"none\">\n\t<path class=\"elementor-shape-fill\" style=\"opacity:0.33\" d=\"M0 0L0 18.8 141.8 4.1 283.5 18.8 283.5 0z\"\/>\n\t<path class=\"elementor-shape-fill\" style=\"opacity:0.33\" d=\"M0 0L0 12.6 141.8 4 283.5 12.6 283.5 0z\"\/>\n\t<path class=\"elementor-shape-fill\" style=\"opacity:0.33\" d=\"M0 0L0 6.4 141.8 4 283.5 6.4 283.5 0z\"\/>\n\t<path class=\"elementor-shape-fill\" d=\"M0 0L0 1.2 141.8 4 283.5 1.2 283.5 0z\"\/>\n<\/svg>\t\t<\/div>\n\t\t\t\t<div class=\"elementor-element elementor-element-07fd502 elementor-widget elementor-widget-text-editor\" data-id=\"07fd502\" data-element_type=\"widget\" data-e-type=\"widget\" data-widget_type=\"text-editor.default\">\n\t\t\t\t<div class=\"elementor-widget-container\">\n\t\t\t\t\t\t\t\t\t<p>Nom : LUTECIA DE SAINT&rsquo;EX<\/p>\t\t\t\t\t\t\t\t<\/div>\n\t\t\t\t<\/div>\n\t\t\t\t<div class=\"elementor-element elementor-element-061ac16 elementor-widget elementor-widget-text-editor\" data-id=\"061ac16\" data-element_type=\"widget\" data-e-type=\"widget\" data-widget_type=\"text-editor.default\">\n\t\t\t\t<div class=\"elementor-widget-container\">\n\t\t\t\t\t\t\t\t\t<p>Origine : MYLORD CARTHAGO X CALVARO<\/p>\t\t\t\t\t\t\t\t<\/div>\n\t\t\t\t<\/div>\n\t\t\t\t<div class=\"elementor-element elementor-element-5ad390b elementor-widget elementor-widget-text-editor\" data-id=\"5ad390b\" data-element_type=\"widget\" data-e-type=\"widget\" data-widget_type=\"text-editor.default\">\n\t\t\t\t<div class=\"elementor-widget-container\">\n\t\t\t\t\t\t\t\t\t<p>Sexe : Jument<\/p>\t\t\t\t\t\t\t\t<\/div>\n\t\t\t\t<\/div>\n\t\t\t\t<div class=\"elementor-element elementor-element-4307ac8 elementor-widget elementor-widget-text-editor\" data-id=\"4307ac8\" data-element_type=\"widget\" data-e-type=\"widget\" data-widget_type=\"text-editor.default\">\n\t\t\t\t<div class=\"elementor-widget-container\">\n\t\t\t\t\t\t\t\t\t<p>Taille : 1m66<\/p>\t\t\t\t\t\t\t\t<\/div>\n\t\t\t\t<\/div>\n\t\t\t\t<div class=\"elementor-element elementor-element-0fce5e8 elementor-widget elementor-widget-text-editor\" data-id=\"0fce5e8\" data-element_type=\"widget\" data-e-type=\"widget\" data-widget_type=\"text-editor.default\">\n\t\t\t\t<div class=\"elementor-widget-container\">\n\t\t\t\t\t\t\t\t\t<p>Ann\u00e9e de naissance : 2021<\/p>\t\t\t\t\t\t\t\t<\/div>\n\t\t\t\t<\/div>\n\t\t<div class=\"elementor-element elementor-element-ab6fb41 e-grid e-con-boxed e-con e-child\" data-id=\"ab6fb41\" data-element_type=\"container\" data-e-type=\"container\">\n\t\t\t\t\t<div class=\"e-con-inner\">\n\t\t\t\t<div class=\"elementor-element elementor-element-f7c370d elementor-align-center elementor-widget elementor-widget-button\" data-id=\"f7c370d\" data-element_type=\"widget\" data-e-type=\"widget\" data-settings=\"{&quot;_animation_mobile&quot;:&quot;fadeInRight&quot;}\" data-widget_type=\"button.default\">\n\t\t\t\t<div class=\"elementor-widget-container\">\n\t\t\t\t\t\t\t\t\t<div class=\"elementor-button-wrapper\">\n\t\t\t\t\t<a class=\"elementor-button elementor-button-link elementor-size-sm\" href=\"https:\/\/data.fei.org\/Horse\/Performance.aspx?p=1AF15D29857E1C75E76A8D1108A84847\" target=\"_blank\" rel=\"noopener\">\n\t\t\t\t\t\t<span class=\"elementor-button-content-wrapper\">\n\t\t\t\t\t\t\t\t\t<span class=\"elementor-button-text\">R\u00e9sultats FEI<\/span>\n\t\t\t\t\t<\/span>\n\t\t\t\t\t<\/a>\n\t\t\t\t<\/div>\n\t\t\t\t\t\t\t\t<\/div>\n\t\t\t\t<\/div>\n\t\t\t\t<div class=\"elementor-element elementor-element-8f34cc3 elementor-align-center elementor-widget elementor-widget-button\" data-id=\"8f34cc3\" data-element_type=\"widget\" data-e-type=\"widget\" data-settings=\"{&quot;_animation_mobile&quot;:&quot;fadeInRight&quot;}\" data-widget_type=\"button.default\">\n\t\t\t\t<div class=\"elementor-widget-container\">\n\t\t\t\t\t\t\t\t\t<div class=\"elementor-button-wrapper\">\n\t\t\t\t\t<a class=\"elementor-button elementor-button-link elementor-size-sm\" href=\"https:\/\/ffecompet.ffe.com\/cheval\/TWpFek56VXpOaklQbDB5WVlGVWJnZz09#performances\" target=\"_blank\" rel=\"noopener\">\n\t\t\t\t\t\t<span class=\"elementor-button-content-wrapper\">\n\t\t\t\t\t\t\t\t\t<span class=\"elementor-button-text\">R\u00e9sultats FFE<\/span>\n\t\t\t\t\t<\/span>\n\t\t\t\t\t<\/a>\n\t\t\t\t<\/div>\n\t\t\t\t\t\t\t\t<\/div>\n\t\t\t\t<\/div>\n\t\t\t\t<div class=\"elementor-element elementor-element-0b8d1c8 elementor-align-center elementor-widget elementor-widget-button\" data-id=\"0b8d1c8\" data-element_type=\"widget\" data-e-type=\"widget\" data-widget_type=\"button.default\">\n\t\t\t\t<div class=\"elementor-widget-container\">\n\t\t\t\t\t\t\t\t\t<div class=\"elementor-button-wrapper\">\n\t\t\t\t\t<a class=\"elementor-button elementor-button-link elementor-size-sm\" href=\"https:\/\/www.youtube.com\/playlist?list=PLrvy_uz7aK_114PYxMwccXb4mwfEV7h5I\" target=\"_blank\" rel=\"noopener\">\n\t\t\t\t\t\t<span class=\"elementor-button-content-wrapper\">\n\t\t\t\t\t\t\t\t\t<span class=\"elementor-button-text\">VIDEOS<\/span>\n\t\t\t\t\t<\/span>\n\t\t\t\t\t<\/a>\n\t\t\t\t<\/div>\n\t\t\t\t\t\t\t\t<\/div>\n\t\t\t\t<\/div>\n\t\t\t\t\t<\/div>\n\t\t\t\t<\/div>\n\t\t\t\t<\/div>\n\t\t<div class=\"elementor-element elementor-element-a74d872 e-flex e-con-boxed e-con e-parent\" data-id=\"a74d872\" data-element_type=\"container\" data-e-type=\"container\">\n\t\t\t\t\t<div class=\"e-con-inner\">\n\t\t\t\t<div class=\"elementor-element elementor-element-4cabf74 elementor-widget elementor-widget-shortcode\" data-id=\"4cabf74\" data-element_type=\"widget\" data-e-type=\"widget\" data-widget_type=\"shortcode.default\">\n\t\t\t\t<div class=\"elementor-widget-container\">\n\t\t\t\t\t\t\t<div class=\"elementor-shortcode\">\n\n<div id=\"sb_youtube_sbyPLrvyfEV7h5I9\" \n\t class=\"sb_youtube sby_layout_grid sby_col_3 sby_mob_col_1 sby_palette_inherit  sby_width_resp\" \n\tdata-feedid=\"sby_PLrvy_fEV7h5I#9\" \n\tdata-shortcode-atts=\"{&quot;feed&quot;:&quot;6&quot;}\" \n\tdata-cols=\"3\" \n\tdata-colsmobile=\"1\" \n\tdata-num=\"9\" \n\tdata-nummobile=\"9\" \n\t\tdata-subscribe-btn=\"1\" \n\tdata-subscribe-btn-text=\"S&#039;abonner\" \n\tdata_channel_header_colors =\"{&quot;channelName&quot;:&quot;&quot;,&quot;subscribeCount&quot;:&quot;&quot;,&quot;buttonBackground&quot;:&quot;&quot;,&quot;buttonText&quot;:&quot;&quot;}\"\n\t data-options=\"{&quot;cta&quot;:{&quot;type&quot;:&quot;related&quot;,&quot;defaultPosts&quot;:[],&quot;defaultLink&quot;:&quot;&quot;,&quot;defaultText&quot;:&quot;En savoir plus&quot;,&quot;openType&quot;:&quot;same&quot;,&quot;color&quot;:&quot;&quot;,&quot;textColor&quot;:&quot;&quot;},&quot;descriptionlength&quot;:150}\" data-sby-flags=\"resizeDisable\" data-postid=\"4275\" data-sby-supports-lightbox=\"1\" \n\t data-videocardlayout=\"vertical\" \n>\n\t        <div class=\"sby_items_wrap\" style=\"padding: 5px;\">\n\t\t<div class=\"sby_item  sby_new sby_transition\" id=\"sby_UExydnlfdXo3YUtfMTE0UFl4TXdjY1hiNG13ZkVWN2g1SS4wMTcyMDhGQUE4NTIzM0Y5\" data-date=\"1774202659\" data-video-id=\"0X1vL5PJPFk\" data-video-title=\"Lutecia de Saint&#039;Ex \/\/ Mylord Carthago x Calvaro - Arezzo Toscana Tour 26 - CSIYH 5YO\" data-live-date=\"0\" data-channel-id=\"UCWXL77MuHnGzNi4o2Bkossw\" >\n    <div class=\"sby_inner_item\">\n        <div class=\"sby_video_thumbnail_wrap sby_item_video_thumbnail_wrap\">\n            <a class=\"sby_video_thumbnail sby_item_video_thumbnail\" style=\"background-image:url(https:\/\/clearroundcompany.com\/wp-content\/plugins\/youtube-feed-pro\/img\/placeholder.png)\" href=\"https:\/\/www.youtube.com\/watch?v=0X1vL5PJPFk\" target=\"_blank\" rel=\"noopener\" data-full-res=\"https:\/\/i.ytimg.com\/vi\/0X1vL5PJPFk\/maxresdefault.jpg\" data-img-src-set=\"{&quot;120&quot;:&quot;https:\\\/\\\/i.ytimg.com\\\/vi\\\/0X1vL5PJPFk\\\/default.jpg&quot;,&quot;320&quot;:&quot;https:\\\/\\\/i.ytimg.com\\\/vi\\\/0X1vL5PJPFk\\\/mqdefault.jpg&quot;,&quot;480&quot;:&quot;https:\\\/\\\/i.ytimg.com\\\/vi\\\/0X1vL5PJPFk\\\/hqdefault.jpg&quot;,&quot;640&quot;:&quot;https:\\\/\\\/i.ytimg.com\\\/vi\\\/0X1vL5PJPFk\\\/sddefault.jpg&quot;}\" data-video-id=\"0X1vL5PJPFk\" data-user=\"Clear Round Company\" data-url=\"https:\/\/www.youtube.com\/watch?v=0X1vL5PJPFk\" data-avatar=\"\" data-title=\"\" data-video-title=\"Lutecia de Saint&#039;Ex \/\/ Mylord Carthago x Calvaro - Arezzo Toscana Tour 26 - CSIYH 5YO\" data-channel-id=\"UCWXL77MuHnGzNi4o2Bkossw\" data-views=\"13 Vues\" data-published-date=\"1774202659\" data-formatted-published-date=\"March 22, 2026 6:04 pm\" data-comment-count=\"0\">\n                <img decoding=\"async\" src=\"https:\/\/clearroundcompany.com\/wp-content\/plugins\/youtube-feed-pro\/img\/placeholder.png\" alt=\"\">\n                \n                <div class=\"sby_thumbnail_hover sby_item_video_thumbnail_hover\">\n                    <div class=\"sby_thumbnail_hover_inner\">\n                                                    <span class=\"sby_video_title\" >Lutecia de Saint&#039;Ex \/\/ Mylord Carthago x Calvaro - Arezzo Toscana Tour 26 - CSIYH 5YO<\/span>\n                        \n                        \n                        \n                        \n                                            <\/div>\n                <\/div>\n\n                <span class=\"sby-screenreader\">YouTube Video UExydnlfdXo3YUtfMTE0UFl4TXdjY1hiNG13ZkVWN2g1SS4wMTcyMDhGQUE4NTIzM0Y5<\/span>\n                                    <div class=\"sby_play_btn\" >\n                        <span class=\"sby_play_btn_bg\"><\/span>\n                    <svg aria-hidden=\"true\" focusable=\"false\" data-prefix=\"fab\" data-icon=\"youtube\" role=\"img\" xmlns=\"http:\/\/www.w3.org\/2000\/svg\" viewBox=\"0 0 576 512\" class=\"svg-inline--fa fa-youtube fa-w-18\"><path fill=\"currentColor\" d=\"M549.655 124.083c-6.281-23.65-24.787-42.276-48.284-48.597C458.781 64 288 64 288 64S117.22 64 74.629 75.486c-23.497 6.322-42.003 24.947-48.284 48.597-11.412 42.867-11.412 132.305-11.412 132.305s0 89.438 11.412 132.305c6.281 23.65 24.787 41.5 48.284 47.821C117.22 448 288 448 288 448s170.78 0 213.371-11.486c23.497-6.321 42.003-24.171 48.284-47.821 11.412-42.867 11.412-132.305 11.412-132.305s0-89.438-11.412-132.305zm-317.51 213.508V175.185l142.739 81.205-142.739 81.201z\" class=\"\"><\/path><\/svg>                    <\/div>\n                                <span class=\"sby_loader sby_hidden\" style=\"background-color: rgb(255, 255, 255);\"><\/span>\n            <\/a>\n\n            \n        <\/div>\n\n        \n<div class=\"sby_info sby_info_item\">\n\t<div class=\"sby-video-info-bottom sby-comments-enabled\">\n\t\t<div class=\"sby-video-info\">\n\t\t\t\t\t\t\t<p class=\"sby_video_title_wrap\" >\n\t\t\t\t\t<span class=\"sby_video_title\">Lutecia de Saint&#039;Ex \/\/ Mylord Carthago x Calvaro - Arezzo Toscana Tour 26 - CSIYH 5YO<\/span>\n\t\t\t\t<\/p>\n\t\t\t\n\t\t\t\t\t\t\t<p class=\"sby_meta\" >\n\t\t\t\t\t\t\t\t\t\t\t\t\t\t\t\t\t\t\t\t\t<span class=\"sby_date_wrap\" >\n\t\t\t\t\t\t\t<span class=\"sby_date sby_live_broadcast_type_none\">March 22, 2026 6:04 pm<\/span>\n\t\t\t\t\t\t<\/span>\n\t\t\t\t\t\t\t\t\t<\/p>\n\t\t\t\n\t\t\t\n\t\t\t\n\t\t\t\t\t<\/div>\n\n\t\t\t\t\t\t\t\t<\/div>\n<\/div>    <\/div>\n<\/div><div class=\"sby_item  sby_new sby_transition\" id=\"sby_UExydnlfdXo3YUtfMTE0UFl4TXdjY1hiNG13ZkVWN2g1SS4yODlGNEE0NkRGMEEzMEQy\" data-date=\"1769530850\" data-video-id=\"TVJCtkfOHXU\" data-video-title=\"Lutecia de Saint&#039;Ex - Mylord Carthago x Calvaro - training session\" data-live-date=\"0\" data-channel-id=\"UCWXL77MuHnGzNi4o2Bkossw\" >\n    <div class=\"sby_inner_item\">\n        <div class=\"sby_video_thumbnail_wrap sby_item_video_thumbnail_wrap\">\n            <a class=\"sby_video_thumbnail sby_item_video_thumbnail\" style=\"background-image:url(https:\/\/clearroundcompany.com\/wp-content\/plugins\/youtube-feed-pro\/img\/placeholder.png)\" href=\"https:\/\/www.youtube.com\/watch?v=TVJCtkfOHXU\" target=\"_blank\" rel=\"noopener\" data-full-res=\"https:\/\/i.ytimg.com\/vi\/TVJCtkfOHXU\/maxresdefault.jpg\" data-img-src-set=\"{&quot;120&quot;:&quot;https:\\\/\\\/i.ytimg.com\\\/vi\\\/TVJCtkfOHXU\\\/default.jpg&quot;,&quot;320&quot;:&quot;https:\\\/\\\/i.ytimg.com\\\/vi\\\/TVJCtkfOHXU\\\/mqdefault.jpg&quot;,&quot;480&quot;:&quot;https:\\\/\\\/i.ytimg.com\\\/vi\\\/TVJCtkfOHXU\\\/hqdefault.jpg&quot;,&quot;640&quot;:&quot;https:\\\/\\\/i.ytimg.com\\\/vi\\\/TVJCtkfOHXU\\\/sddefault.jpg&quot;}\" data-video-id=\"TVJCtkfOHXU\" data-user=\"Clear Round Company\" data-url=\"https:\/\/www.youtube.com\/watch?v=TVJCtkfOHXU\" data-avatar=\"\" data-title=\"\" data-video-title=\"Lutecia de Saint&#039;Ex - Mylord Carthago x Calvaro - training session\" data-channel-id=\"UCWXL77MuHnGzNi4o2Bkossw\" data-views=\"11 Vues\" data-published-date=\"1769530850\" data-formatted-published-date=\"January 27, 2026 4:20 pm\" data-comment-count=\"0\">\n                <img decoding=\"async\" src=\"https:\/\/clearroundcompany.com\/wp-content\/plugins\/youtube-feed-pro\/img\/placeholder.png\" alt=\"\">\n                \n                <div class=\"sby_thumbnail_hover sby_item_video_thumbnail_hover\">\n                    <div class=\"sby_thumbnail_hover_inner\">\n                                                    <span class=\"sby_video_title\" >Lutecia de Saint&#039;Ex - Mylord Carthago x Calvaro - training session<\/span>\n                        \n                        \n                        \n                        \n                                            <\/div>\n                <\/div>\n\n                <span class=\"sby-screenreader\">YouTube Video UExydnlfdXo3YUtfMTE0UFl4TXdjY1hiNG13ZkVWN2g1SS4yODlGNEE0NkRGMEEzMEQy<\/span>\n                                    <div class=\"sby_play_btn\" >\n                        <span class=\"sby_play_btn_bg\"><\/span>\n                    <svg aria-hidden=\"true\" focusable=\"false\" data-prefix=\"fab\" data-icon=\"youtube\" role=\"img\" xmlns=\"http:\/\/www.w3.org\/2000\/svg\" viewBox=\"0 0 576 512\" class=\"svg-inline--fa fa-youtube fa-w-18\"><path fill=\"currentColor\" d=\"M549.655 124.083c-6.281-23.65-24.787-42.276-48.284-48.597C458.781 64 288 64 288 64S117.22 64 74.629 75.486c-23.497 6.322-42.003 24.947-48.284 48.597-11.412 42.867-11.412 132.305-11.412 132.305s0 89.438 11.412 132.305c6.281 23.65 24.787 41.5 48.284 47.821C117.22 448 288 448 288 448s170.78 0 213.371-11.486c23.497-6.321 42.003-24.171 48.284-47.821 11.412-42.867 11.412-132.305 11.412-132.305s0-89.438-11.412-132.305zm-317.51 213.508V175.185l142.739 81.205-142.739 81.201z\" class=\"\"><\/path><\/svg>                    <\/div>\n                                <span class=\"sby_loader sby_hidden\" style=\"background-color: rgb(255, 255, 255);\"><\/span>\n            <\/a>\n\n            \n        <\/div>\n\n        \n<div class=\"sby_info sby_info_item\">\n\t<div class=\"sby-video-info-bottom sby-comments-enabled\">\n\t\t<div class=\"sby-video-info\">\n\t\t\t\t\t\t\t<p class=\"sby_video_title_wrap\" >\n\t\t\t\t\t<span class=\"sby_video_title\">Lutecia de Saint&#039;Ex - Mylord Carthago x Calvaro - training session<\/span>\n\t\t\t\t<\/p>\n\t\t\t\n\t\t\t\t\t\t\t<p class=\"sby_meta\" >\n\t\t\t\t\t\t\t\t\t\t\t\t\t\t\t\t\t\t\t\t\t<span class=\"sby_date_wrap\" >\n\t\t\t\t\t\t\t<span class=\"sby_date sby_live_broadcast_type_none\">January 27, 2026 4:20 pm<\/span>\n\t\t\t\t\t\t<\/span>\n\t\t\t\t\t\t\t\t\t<\/p>\n\t\t\t\n\t\t\t\n\t\t\t\n\t\t\t\t\t<\/div>\n\n\t\t\t\t\t\t\t\t<\/div>\n<\/div>    <\/div>\n<\/div>    <\/div>\n    \n\t<div class=\"sby_footer\">\n\n\n    <span \n        class=\"sby_follow_btn\" \n            >\n        <a href=\"https:\/\/www.youtube.com\/channel\/UCWXL77MuHnGzNi4o2Bkossw\/\" target=\"_blank\" rel=\"noopener\">\n            <svg aria-hidden=\"true\" focusable=\"false\" data-prefix=\"fab\" data-icon=\"youtube\" role=\"img\" xmlns=\"http:\/\/www.w3.org\/2000\/svg\" viewBox=\"0 0 576 512\" class=\"svg-inline--fa fa-youtube fa-w-18\"><path fill=\"currentColor\" d=\"M549.655 124.083c-6.281-23.65-24.787-42.276-48.284-48.597C458.781 64 288 64 288 64S117.22 64 74.629 75.486c-23.497 6.322-42.003 24.947-48.284 48.597-11.412 42.867-11.412 132.305-11.412 132.305s0 89.438 11.412 132.305c6.281 23.65 24.787 41.5 48.284 47.821C117.22 448 288 448 288 448s170.78 0 213.371-11.486c23.497-6.321 42.003-24.171 48.284-47.821 11.412-42.867 11.412-132.305 11.412-132.305s0-89.438-11.412-132.305zm-317.51 213.508V175.185l142.739 81.205-142.739 81.201z\" class=\"\"><\/path><\/svg>            <span  >\n                S&#039;abonner            <\/span>\n        <\/a>\n    <\/span>\n<\/div>\n    <div class=\"sby_cta_items_wraps sby_cta_wrap\">\n\t<div class=\"sby_cta_inner_wrap\">\n\n\t<\/div>\n<\/div>\n\n\t\n<\/div>\n\n<style type=\"text\/css\">body #sb_youtube_sbyPLrvyfEV7h5I9 .sby_caption_wrap .sby_caption { font-size: 13px !important}body #sb_youtube_sbyPLrvyfEV7h5I9 .sby_follow_btn a:hover { box-shadow:inset 0 0 10px 20px rgb(255, 255, 255, .25) !important}body #sb_youtube_sbyPLrvyfEV7h5I9[data-videostyle=boxed] .sby_items_wrap .sby_item .sby_inner_item { background-color: #ffffff !important}<\/style><\/div>\n\t\t\t\t\t\t<\/div>\n\t\t\t\t<\/div>\n\t\t\t\t\t<\/div>\n\t\t\t\t<\/div>\n\t\t\t\t<\/div>\n\t\t","protected":false},"excerpt":{"rendered":"<p>Lutecia de Saint&rsquo;Ex Nom : LUTECIA DE SAINT&rsquo;EX Origine : MYLORD CARTHAGO X CALVARO Sexe : Jument Taille : 1m66 Ann\u00e9e de naissance : 2021 R\u00e9sultats FEI R\u00e9sultats FFE VIDEOS<\/p>","protected":false},"author":1,"featured_media":4091,"parent":0,"menu_order":0,"comment_status":"closed","ping_status":"closed","template":"","meta":{"_monsterinsights_skip_tracking":false,"_monsterinsights_sitenote_active":false,"_monsterinsights_sitenote_note":"","_monsterinsights_sitenote_category":0,"footnotes":""},"class_list":["post-4275","page","type-page","status-publish","has-post-thumbnail","hentry"],"_links":{"self":[{"href":"https:\/\/clearroundcompany.com\/en\/wp-json\/wp\/v2\/pages\/4275","targetHints":{"allow":["GET"]}}],"collection":[{"href":"https:\/\/clearroundcompany.com\/en\/wp-json\/wp\/v2\/pages"}],"about":[{"href":"https:\/\/clearroundcompany.com\/en\/wp-json\/wp\/v2\/types\/page"}],"author":[{"embeddable":true,"href":"https:\/\/clearroundcompany.com\/en\/wp-json\/wp\/v2\/users\/1"}],"replies":[{"embeddable":true,"href":"https:\/\/clearroundcompany.com\/en\/wp-json\/wp\/v2\/comments?post=4275"}],"version-history":[{"count":16,"href":"https:\/\/clearroundcompany.com\/en\/wp-json\/wp\/v2\/pages\/4275\/revisions"}],"predecessor-version":[{"id":4812,"href":"https:\/\/clearroundcompany.com\/en\/wp-json\/wp\/v2\/pages\/4275\/revisions\/4812"}],"wp:featuredmedia":[{"embeddable":true,"href":"https:\/\/clearroundcompany.com\/en\/wp-json\/wp\/v2\/media\/4091"}],"wp:attachment":[{"href":"https:\/\/clearroundcompany.com\/en\/wp-json\/wp\/v2\/media?parent=4275"}],"curies":[{"name":"wp","href":"https:\/\/api.w.org\/{rel}","templated":true}]}}